{"id":193,"date":"2016-09-28T05:25:13","date_gmt":"2016-09-28T05:25:13","guid":{"rendered":"http:\/\/www.demo.acmethemes.com\/mercantile\/?page_id=28"},"modified":"2023-04-20T17:52:58","modified_gmt":"2023-04-20T23:52:58","slug":"quienes-somos","status":"publish","type":"page","link":"https:\/\/enfoqueenventas.com\/home\/quienes-somos\/quienes-somos\/","title":{"rendered":"Nosotros"},"content":{"rendered":"<div id=\"pl-193\"  class=\"panel-layout\" ><div id=\"pg-193-0\"  class=\"panel-grid panel-has-style\" ><div class=\"lsow-dark-bg siteorigin-panels-stretch panel-row-style panel-row-style-for-193-0\" data-stretch-type=\"full\" ><div id=\"pgc-193-0-0\"  class=\"panel-grid-cell\" ><div id=\"panel-193-0-0-0\" class=\"so-panel widget widget_sow-hero panel-first-child panel-last-child\" data-index=\"0\" ><div\n\t\t\t\n\t\t\tclass=\"so-widget-sow-hero so-widget-sow-hero-default-6e283e92799f-193 so-widget-fittext-wrapper\"\n\t\t\t data-fit-text-compressor=\"0.85\"\n\t\t>\t\t\t\t<div class=\"sow-slider-base\" style=\"display: none\" tabindex=\"0\">\n\t\t\t\t\t<ul\n\t\t\t\t\tclass=\"sow-slider-images\"\n\t\t\t\t\tdata-settings=\"{&quot;pagination&quot;:true,&quot;speed&quot;:800,&quot;timeout&quot;:8000,&quot;paused&quot;:false,&quot;pause_on_hover&quot;:false,&quot;swipe&quot;:true,&quot;nav_always_show_desktop&quot;:&quot;&quot;,&quot;nav_always_show_mobile&quot;:&quot;&quot;,&quot;breakpoint&quot;:&quot;780px&quot;,&quot;unmute&quot;:false,&quot;anchor&quot;:null}\"\n\t\t\t\t\t\t\t\t\t\tdata-anchor-id=\"\"\n\t\t\t\t>\t\t<li class=\"sow-slider-image  sow-slider-image-cover\" style=\"visibility: visible;;background-image: url(https:\/\/enfoqueenventas.com\/home\/wp-content\/uploads\/2021\/04\/Body-separador2.jpg)\" >\n\t\t\t\t\t<div class=\"sow-slider-image-container\">\n\t\t\t<div class=\"sow-slider-image-wrapper\">\n\t\t\t\t<h1 style=\"text-align: center\">NOSOTROS<\/h1>\n\t\t\t<\/div>\n\t\t<\/div>\n\t\t\t\t<\/li>\n\t\t<\/ul>\t\t\t\t<ol class=\"sow-slider-pagination\">\n\t\t\t\t\t\t\t\t\t\t\t<li><a href=\"#\" data-goto=\"0\" aria-label=\"Display slide 1\"><\/a><\/li>\n\t\t\t\t\t\t\t\t\t<\/ol>\n\n\t\t\t\t<div class=\"sow-slide-nav sow-slide-nav-next\">\n\t\t\t\t\t<a href=\"#\" data-goto=\"next\" aria-label=\"Next slide\" data-action=\"next\">\n\t\t\t\t\t\t<em class=\"sow-sld-icon-thin-right\"><\/em>\n\t\t\t\t\t<\/a>\n\t\t\t\t<\/div>\n\n\t\t\t\t<div class=\"sow-slide-nav sow-slide-nav-prev\">\n\t\t\t\t\t<a href=\"#\" data-goto=\"previous\" aria-label=\"Previous slide\" data-action=\"prev\">\n\t\t\t\t\t\t<em class=\"sow-sld-icon-thin-left\"><\/em>\n\t\t\t\t\t<\/a>\n\t\t\t\t<\/div>\n\t\t\t\t<\/div><\/div><\/div><\/div><\/div><\/div><div id=\"pg-193-1\"  class=\"panel-grid panel-no-style\" ><div id=\"pgc-193-1-0\"  class=\"panel-grid-cell\" ><div id=\"panel-193-1-0-0\" class=\"so-panel widget widget_sow-image panel-first-child panel-last-child\" data-index=\"1\" ><div\n\t\t\t\n\t\t\tclass=\"so-widget-sow-image so-widget-sow-image-default-8b5b6f678277-193\"\n\t\t\t\n\t\t>\n<div class=\"sow-image-container\">\n\t\t<img fetchpriority=\"high\" \n\tsrc=\"https:\/\/enfoqueenventas.com\/home\/wp-content\/uploads\/2021\/04\/nosotros.jpg\" width=\"626\" height=\"417\" srcset=\"https:\/\/enfoqueenventas.com\/home\/wp-content\/uploads\/2021\/04\/nosotros.jpg 626w, https:\/\/enfoqueenventas.com\/home\/wp-content\/uploads\/2021\/04\/nosotros-300x200.jpg 300w, https:\/\/enfoqueenventas.com\/home\/wp-content\/uploads\/2021\/04\/nosotros-600x400.jpg 600w, https:\/\/enfoqueenventas.com\/home\/wp-content\/uploads\/2021\/04\/nosotros-272x182.jpg 272w\" sizes=\"(max-width: 626px) 100vw, 626px\" alt=\"\" \t\tclass=\"so-widget-image\"\/>\n\t<\/div>\n\n<\/div><\/div><\/div><div id=\"pgc-193-1-1\"  class=\"panel-grid-cell\" ><div id=\"panel-193-1-1-0\" class=\"so-panel widget widget_sow-editor panel-first-child panel-last-child\" data-index=\"2\" ><div\n\t\t\t\n\t\t\tclass=\"so-widget-sow-editor so-widget-sow-editor-base\"\n\t\t\t\n\t\t>\n<div class=\"siteorigin-widget-tinymce textwidget\">\n\t<p>Somos una empresa de servicios de Consultor\u00eda especialistas en Gesti\u00f3n Comercial.<\/p>\n<p>Fundada en el a\u00f1o 2006 primero como Vendedores Ejecutivos y hoy en d\u00eda como Enfoque en ventas, nuestra misi\u00f3n siempre ha sido clara: Ayudar a las empresas a lograr sus metas comerciales con una gesti\u00f3n comercial enfocada a Resultados.<\/p>\n<p>&nbsp;<\/p>\n<p><strong>Contamos con 3 l\u00edneas de servicios para poder ayudarte a resolver cualquier necesidad que tengas en tu departamento comercial:<\/strong><\/p>\n<p>&nbsp;<\/p>\n<\/div>\n<\/div><\/div><\/div><\/div><div id=\"pg-193-2\"  class=\"panel-grid panel-no-style\" ><div id=\"pgc-193-2-0\"  class=\"panel-grid-cell\" ><div id=\"panel-193-2-0-0\" class=\"so-panel widget widget_lrw-empty-space panel-first-child panel-last-child\" data-index=\"3\" ><div\n\t\t\t\n\t\t\tclass=\"so-widget-lrw-empty-space so-widget-lrw-empty-space-default-d75171398898-193\"\n\t\t\t\n\t\t><div class=\"lrw-empty-space\" style=\"height: 50px; min-height: 50px;\"><\/div><\/div><\/div><\/div><\/div><div id=\"pg-193-3\"  class=\"panel-grid panel-no-style\" ><div id=\"pgc-193-3-0\"  class=\"panel-grid-cell\" ><div id=\"panel-193-3-0-0\" class=\"so-panel widget widget_sow-icon panel-first-child\" data-index=\"4\" ><div\n\t\t\t\n\t\t\tclass=\"so-widget-sow-icon so-widget-sow-icon-default-a24b7cc6aa6b-193\"\n\t\t\t\n\t\t>\n<div class=\"sow-icon-container sow-icon\">\n\t\t\t<span class=\"sow-icon-icomoon\" data-sow-icon=\"&#xe976;\"\n\t\t \n\t\taria-hidden=\"true\"><\/span>\t<\/div>\n<\/div><\/div><div id=\"panel-193-3-0-1\" class=\"so-panel widget widget_sow-editor panel-last-child\" data-index=\"5\" ><div\n\t\t\t\n\t\t\tclass=\"so-widget-sow-editor so-widget-sow-editor-base\"\n\t\t\t\n\t\t>\n<div class=\"siteorigin-widget-tinymce textwidget\">\n\t<h3>1. Ponemos a tu disposici\u00f3n nuestros servicios de Consultor\u00eda especializada en ventas<\/h3>\n<p>Conoce todo lo que podemos hacer por tu empresa en tu departamento comercial \u00a1siempre con enfoque en resultados!<\/p>\n<\/div>\n<\/div><\/div><\/div><div id=\"pgc-193-3-1\"  class=\"panel-grid-cell\" ><div id=\"panel-193-3-1-0\" class=\"so-panel widget widget_sow-icon panel-first-child\" data-index=\"6\" ><div\n\t\t\t\n\t\t\tclass=\"so-widget-sow-icon so-widget-sow-icon-default-a24b7cc6aa6b-193\"\n\t\t\t\n\t\t>\n<div class=\"sow-icon-container sow-icon\">\n\t\t\t<span class=\"sow-icon-icomoon\" data-sow-icon=\"&#xe99b;\"\n\t\t \n\t\taria-hidden=\"true\"><\/span>\t<\/div>\n<\/div><\/div><div id=\"panel-193-3-1-1\" class=\"so-panel widget widget_sow-editor panel-last-child\" data-index=\"7\" ><div\n\t\t\t\n\t\t\tclass=\"so-widget-sow-editor so-widget-sow-editor-base\"\n\t\t\t\n\t\t>\n<div class=\"siteorigin-widget-tinymce textwidget\">\n\t<h3>2. Preparamos a tus vendedores para crecerlos<\/h3>\n<p>Con nuestro m\u00e9todo \u00fanico, evaluamos y dise\u00f1amos sistemas para capacitar y desarrollar a tus vendedores<\/p>\n<\/div>\n<\/div><\/div><\/div><div id=\"pgc-193-3-2\"  class=\"panel-grid-cell\" ><div id=\"panel-193-3-2-0\" class=\"so-panel widget widget_sow-icon panel-first-child\" data-index=\"8\" ><div\n\t\t\t\n\t\t\tclass=\"so-widget-sow-icon so-widget-sow-icon-default-a24b7cc6aa6b-193\"\n\t\t\t\n\t\t>\n<div class=\"sow-icon-container sow-icon\">\n\t\t\t<span class=\"sow-icon-icomoon\" data-sow-icon=\"&#xe986;\"\n\t\t \n\t\taria-hidden=\"true\"><\/span>\t<\/div>\n<\/div><\/div><div id=\"panel-193-3-2-1\" class=\"so-panel widget widget_sow-editor panel-last-child\" data-index=\"9\" ><div\n\t\t\t\n\t\t\tclass=\"so-widget-sow-editor so-widget-sow-editor-base\"\n\t\t\t\n\t\t>\n<div class=\"siteorigin-widget-tinymce textwidget\">\n\t<h3>3. <b>Te asesoramos para que contrates al vendedor que necesita T\u00fa empresa<\/b><\/h3>\n<p>Para cualquier tipo de vendedor y de todas las especialidades.<\/p>\n<\/div>\n<\/div><\/div><\/div><\/div><div id=\"pg-193-4\"  class=\"panel-grid panel-no-style\" ><div id=\"pgc-193-4-0\"  class=\"panel-grid-cell\" ><div id=\"panel-193-4-0-0\" class=\"widget_text so-panel widget widget_custom_html panel-first-child\" data-index=\"10\" ><div class=\"textwidget custom-html-widget\"><iframe scrolling=\"auto\" src=\"https:\/\/sales.portal24x7.com\/document.php?module=form&option=optin&action=show&parm1=336&parm2=2\" frameborder=\"0\" height=\"600\" width=\"100%\"><\/iframe><\/div><\/div><div id=\"panel-193-4-0-1\" class=\"so-panel widget widget_lrw-empty-space panel-last-child\" data-index=\"11\" ><div\n\t\t\t\n\t\t\tclass=\"so-widget-lrw-empty-space so-widget-lrw-empty-space-default-d75171398898-193\"\n\t\t\t\n\t\t><div class=\"lrw-empty-space\" style=\"height: 50px; min-height: 50px;\"><\/div><\/div><\/div><\/div><\/div><\/div>","protected":false},"excerpt":{"rendered":"<p>Somos una empresa de servicios de Consultor\u00eda de ventas especialistas en vendedores<\/p>\n","protected":false},"author":1,"featured_media":607,"parent":201,"menu_order":0,"comment_status":"closed","ping_status":"closed","template":"","meta":{"_themeisle_gutenberg_block_has_review":false,"footnotes":""},"class_list":["post-193","page","type-page","status-publish","has-post-thumbnail","hentry"],"yoast_head":"<!-- This site is optimized with the Yoast SEO plugin v26.7 - https:\/\/yoast.com\/wordpress\/plugins\/seo\/ -->\n<title>Descubre quien es Enfoque en Ventas - servicios de Consultor\u00eda de ventas<\/title>\n<meta name=\"description\" content=\"Somos una empresa de servicios de Consultor\u00eda de ventas especialistas en vendedores. Fundada en el a\u00f1o 2006 primero como Vendedores Ejecutivos.\" \/>\n<meta name=\"robots\" content=\"index, follow, max-snippet:-1, max-image-preview:large, max-video-preview:-1\" \/>\n<link rel=\"canonical\" href=\"https:\/\/enfoqueenventas.com\/home\/quienes-somos\/quienes-somos\/\" \/>\n<meta property=\"og:locale\" content=\"es_MX\" \/>\n<meta property=\"og:type\" content=\"article\" \/>\n<meta property=\"og:title\" content=\"Conoce a Enfoque en Ventas\" \/>\n<meta property=\"og:description\" content=\"Somos una empresa de servicios de Consultor\u00eda de ventas especialistas en vendedores. Fundada en el a\u00f1o 2006 primero como Vendedores Ejecutivos\" \/>\n<meta property=\"og:url\" content=\"https:\/\/enfoqueenventas.com\/home\/quienes-somos\/quienes-somos\/\" \/>\n<meta property=\"og:site_name\" content=\"Enfoque en Ventas\" \/>\n<meta property=\"article:publisher\" content=\"https:\/\/www.facebook.com\/Enfoqueenventas\" \/>\n<meta property=\"article:modified_time\" content=\"2023-04-20T23:52:58+00:00\" \/>\n<meta property=\"og:image\" content=\"https:\/\/enfoqueenventas.com\/home\/wp-content\/uploads\/2021\/04\/nosotros.jpg\" \/>\n\t<meta property=\"og:image:width\" content=\"626\" \/>\n\t<meta property=\"og:image:height\" content=\"417\" \/>\n\t<meta property=\"og:image:type\" content=\"image\/jpeg\" \/>\n<meta name=\"twitter:card\" content=\"summary_large_image\" \/>\n<meta name=\"twitter:title\" content=\"Conoce a Enfoque en Ventas\" \/>\n<meta name=\"twitter:description\" content=\"Somos una empresa de servicios de Consultor\u00eda de ventas especialistas en vendedores. Fundada en el a\u00f1o 2006 primero como Vendedores Ejecutivos\" \/>\n<meta name=\"twitter:image\" content=\"https:\/\/enfoqueenventas.com\/home\/wp-content\/uploads\/2021\/04\/nosotros.jpg\" \/>\n<meta name=\"twitter:site\" content=\"@enfoqueenventas\" \/>\n<meta name=\"twitter:label1\" content=\"Tiempo de lectura\" \/>\n\t<meta name=\"twitter:data1\" content=\"1 minuto\" \/>\n<script type=\"application\/ld+json\" class=\"yoast-schema-graph\">{\"@context\":\"https:\/\/schema.org\",\"@graph\":[{\"@type\":\"WebPage\",\"@id\":\"https:\/\/enfoqueenventas.com\/home\/quienes-somos\/quienes-somos\/\",\"url\":\"https:\/\/enfoqueenventas.com\/home\/quienes-somos\/quienes-somos\/\",\"name\":\"Descubre quien es Enfoque en Ventas - servicios de Consultor\u00eda de ventas\",\"isPartOf\":{\"@id\":\"https:\/\/enfoqueenventas.com\/home\/#website\"},\"primaryImageOfPage\":{\"@id\":\"https:\/\/enfoqueenventas.com\/home\/quienes-somos\/quienes-somos\/#primaryimage\"},\"image\":{\"@id\":\"https:\/\/enfoqueenventas.com\/home\/quienes-somos\/quienes-somos\/#primaryimage\"},\"thumbnailUrl\":\"https:\/\/enfoqueenventas.com\/home\/wp-content\/uploads\/2021\/04\/nosotros.jpg\",\"datePublished\":\"2016-09-28T05:25:13+00:00\",\"dateModified\":\"2023-04-20T23:52:58+00:00\",\"description\":\"Somos una empresa de servicios de Consultor\u00eda de ventas especialistas en vendedores. Fundada en el a\u00f1o 2006 primero como Vendedores Ejecutivos.\",\"breadcrumb\":{\"@id\":\"https:\/\/enfoqueenventas.com\/home\/quienes-somos\/quienes-somos\/#breadcrumb\"},\"inLanguage\":\"es\",\"potentialAction\":[{\"@type\":\"ReadAction\",\"target\":[\"https:\/\/enfoqueenventas.com\/home\/quienes-somos\/quienes-somos\/\"]}]},{\"@type\":\"ImageObject\",\"inLanguage\":\"es\",\"@id\":\"https:\/\/enfoqueenventas.com\/home\/quienes-somos\/quienes-somos\/#primaryimage\",\"url\":\"https:\/\/enfoqueenventas.com\/home\/wp-content\/uploads\/2021\/04\/nosotros.jpg\",\"contentUrl\":\"https:\/\/enfoqueenventas.com\/home\/wp-content\/uploads\/2021\/04\/nosotros.jpg\",\"width\":626,\"height\":417},{\"@type\":\"BreadcrumbList\",\"@id\":\"https:\/\/enfoqueenventas.com\/home\/quienes-somos\/quienes-somos\/#breadcrumb\",\"itemListElement\":[{\"@type\":\"ListItem\",\"position\":1,\"name\":\"Inicio\",\"item\":\"https:\/\/enfoqueenventas.com\/home\/\"},{\"@type\":\"ListItem\",\"position\":2,\"name\":\"Qui\u00e9nes somos\",\"item\":\"https:\/\/enfoqueenventas.com\/home\/quienes-somos\/\"},{\"@type\":\"ListItem\",\"position\":3,\"name\":\"Nosotros\"}]},{\"@type\":\"WebSite\",\"@id\":\"https:\/\/enfoqueenventas.com\/home\/#website\",\"url\":\"https:\/\/enfoqueenventas.com\/home\/\",\"name\":\"Enfoque en Ventas\",\"description\":\"Todo sobre vendedores\",\"publisher\":{\"@id\":\"https:\/\/enfoqueenventas.com\/home\/#organization\"},\"potentialAction\":[{\"@type\":\"SearchAction\",\"target\":{\"@type\":\"EntryPoint\",\"urlTemplate\":\"https:\/\/enfoqueenventas.com\/home\/?s={search_term_string}\"},\"query-input\":{\"@type\":\"PropertyValueSpecification\",\"valueRequired\":true,\"valueName\":\"search_term_string\"}}],\"inLanguage\":\"es\"},{\"@type\":\"Organization\",\"@id\":\"https:\/\/enfoqueenventas.com\/home\/#organization\",\"name\":\"Enfoque En Ventas\",\"url\":\"https:\/\/enfoqueenventas.com\/home\/\",\"logo\":{\"@type\":\"ImageObject\",\"inLanguage\":\"es\",\"@id\":\"https:\/\/enfoqueenventas.com\/home\/#\/schema\/logo\/image\/\",\"url\":\"https:\/\/enfoqueenventas.com\/home\/wp-content\/uploads\/2021\/01\/logo_enfoqueenventas.png\",\"contentUrl\":\"https:\/\/enfoqueenventas.com\/home\/wp-content\/uploads\/2021\/01\/logo_enfoqueenventas.png\",\"width\":350,\"height\":107,\"caption\":\"Enfoque En Ventas\"},\"image\":{\"@id\":\"https:\/\/enfoqueenventas.com\/home\/#\/schema\/logo\/image\/\"},\"sameAs\":[\"https:\/\/www.facebook.com\/Enfoqueenventas\",\"https:\/\/x.com\/enfoqueenventas\",\"https:\/\/www.youtube.com\/channel\/UCKx2JodYn7wY785--EA3sdA\"]}]}<\/script>\n<!-- \/ Yoast SEO plugin. -->","yoast_head_json":{"title":"Descubre quien es Enfoque en Ventas - servicios de Consultor\u00eda de ventas","description":"Somos una empresa de servicios de Consultor\u00eda de ventas especialistas en vendedores. Fundada en el a\u00f1o 2006 primero como Vendedores Ejecutivos.","robots":{"index":"index","follow":"follow","max-snippet":"max-snippet:-1","max-image-preview":"max-image-preview:large","max-video-preview":"max-video-preview:-1"},"canonical":"https:\/\/enfoqueenventas.com\/home\/quienes-somos\/quienes-somos\/","og_locale":"es_MX","og_type":"article","og_title":"Conoce a Enfoque en Ventas","og_description":"Somos una empresa de servicios de Consultor\u00eda de ventas especialistas en vendedores. Fundada en el a\u00f1o 2006 primero como Vendedores Ejecutivos","og_url":"https:\/\/enfoqueenventas.com\/home\/quienes-somos\/quienes-somos\/","og_site_name":"Enfoque en Ventas","article_publisher":"https:\/\/www.facebook.com\/Enfoqueenventas","article_modified_time":"2023-04-20T23:52:58+00:00","og_image":[{"width":626,"height":417,"url":"https:\/\/enfoqueenventas.com\/home\/wp-content\/uploads\/2021\/04\/nosotros.jpg","type":"image\/jpeg"}],"twitter_card":"summary_large_image","twitter_title":"Conoce a Enfoque en Ventas","twitter_description":"Somos una empresa de servicios de Consultor\u00eda de ventas especialistas en vendedores. Fundada en el a\u00f1o 2006 primero como Vendedores Ejecutivos","twitter_image":"https:\/\/enfoqueenventas.com\/home\/wp-content\/uploads\/2021\/04\/nosotros.jpg","twitter_site":"@enfoqueenventas","twitter_misc":{"Tiempo de lectura":"1 minuto"},"schema":{"@context":"https:\/\/schema.org","@graph":[{"@type":"WebPage","@id":"https:\/\/enfoqueenventas.com\/home\/quienes-somos\/quienes-somos\/","url":"https:\/\/enfoqueenventas.com\/home\/quienes-somos\/quienes-somos\/","name":"Descubre quien es Enfoque en Ventas - servicios de Consultor\u00eda de ventas","isPartOf":{"@id":"https:\/\/enfoqueenventas.com\/home\/#website"},"primaryImageOfPage":{"@id":"https:\/\/enfoqueenventas.com\/home\/quienes-somos\/quienes-somos\/#primaryimage"},"image":{"@id":"https:\/\/enfoqueenventas.com\/home\/quienes-somos\/quienes-somos\/#primaryimage"},"thumbnailUrl":"https:\/\/enfoqueenventas.com\/home\/wp-content\/uploads\/2021\/04\/nosotros.jpg","datePublished":"2016-09-28T05:25:13+00:00","dateModified":"2023-04-20T23:52:58+00:00","description":"Somos una empresa de servicios de Consultor\u00eda de ventas especialistas en vendedores. Fundada en el a\u00f1o 2006 primero como Vendedores Ejecutivos.","breadcrumb":{"@id":"https:\/\/enfoqueenventas.com\/home\/quienes-somos\/quienes-somos\/#breadcrumb"},"inLanguage":"es","potentialAction":[{"@type":"ReadAction","target":["https:\/\/enfoqueenventas.com\/home\/quienes-somos\/quienes-somos\/"]}]},{"@type":"ImageObject","inLanguage":"es","@id":"https:\/\/enfoqueenventas.com\/home\/quienes-somos\/quienes-somos\/#primaryimage","url":"https:\/\/enfoqueenventas.com\/home\/wp-content\/uploads\/2021\/04\/nosotros.jpg","contentUrl":"https:\/\/enfoqueenventas.com\/home\/wp-content\/uploads\/2021\/04\/nosotros.jpg","width":626,"height":417},{"@type":"BreadcrumbList","@id":"https:\/\/enfoqueenventas.com\/home\/quienes-somos\/quienes-somos\/#breadcrumb","itemListElement":[{"@type":"ListItem","position":1,"name":"Inicio","item":"https:\/\/enfoqueenventas.com\/home\/"},{"@type":"ListItem","position":2,"name":"Qui\u00e9nes somos","item":"https:\/\/enfoqueenventas.com\/home\/quienes-somos\/"},{"@type":"ListItem","position":3,"name":"Nosotros"}]},{"@type":"WebSite","@id":"https:\/\/enfoqueenventas.com\/home\/#website","url":"https:\/\/enfoqueenventas.com\/home\/","name":"Enfoque en Ventas","description":"Todo sobre vendedores","publisher":{"@id":"https:\/\/enfoqueenventas.com\/home\/#organization"},"potentialAction":[{"@type":"SearchAction","target":{"@type":"EntryPoint","urlTemplate":"https:\/\/enfoqueenventas.com\/home\/?s={search_term_string}"},"query-input":{"@type":"PropertyValueSpecification","valueRequired":true,"valueName":"search_term_string"}}],"inLanguage":"es"},{"@type":"Organization","@id":"https:\/\/enfoqueenventas.com\/home\/#organization","name":"Enfoque En Ventas","url":"https:\/\/enfoqueenventas.com\/home\/","logo":{"@type":"ImageObject","inLanguage":"es","@id":"https:\/\/enfoqueenventas.com\/home\/#\/schema\/logo\/image\/","url":"https:\/\/enfoqueenventas.com\/home\/wp-content\/uploads\/2021\/01\/logo_enfoqueenventas.png","contentUrl":"https:\/\/enfoqueenventas.com\/home\/wp-content\/uploads\/2021\/01\/logo_enfoqueenventas.png","width":350,"height":107,"caption":"Enfoque En Ventas"},"image":{"@id":"https:\/\/enfoqueenventas.com\/home\/#\/schema\/logo\/image\/"},"sameAs":["https:\/\/www.facebook.com\/Enfoqueenventas","https:\/\/x.com\/enfoqueenventas","https:\/\/www.youtube.com\/channel\/UCKx2JodYn7wY785--EA3sdA"]}]}},"_links":{"self":[{"href":"https:\/\/enfoqueenventas.com\/home\/wp-json\/wp\/v2\/pages\/193","targetHints":{"allow":["GET"]}}],"collection":[{"href":"https:\/\/enfoqueenventas.com\/home\/wp-json\/wp\/v2\/pages"}],"about":[{"href":"https:\/\/enfoqueenventas.com\/home\/wp-json\/wp\/v2\/types\/page"}],"author":[{"embeddable":true,"href":"https:\/\/enfoqueenventas.com\/home\/wp-json\/wp\/v2\/users\/1"}],"replies":[{"embeddable":true,"href":"https:\/\/enfoqueenventas.com\/home\/wp-json\/wp\/v2\/comments?post=193"}],"version-history":[{"count":50,"href":"https:\/\/enfoqueenventas.com\/home\/wp-json\/wp\/v2\/pages\/193\/revisions"}],"predecessor-version":[{"id":1340,"href":"https:\/\/enfoqueenventas.com\/home\/wp-json\/wp\/v2\/pages\/193\/revisions\/1340"}],"up":[{"embeddable":true,"href":"https:\/\/enfoqueenventas.com\/home\/wp-json\/wp\/v2\/pages\/201"}],"wp:featuredmedia":[{"embeddable":true,"href":"https:\/\/enfoqueenventas.com\/home\/wp-json\/wp\/v2\/media\/607"}],"wp:attachment":[{"href":"https:\/\/enfoqueenventas.com\/home\/wp-json\/wp\/v2\/media?parent=193"}],"curies":[{"name":"wp","href":"https:\/\/api.w.org\/{rel}","templated":true}]}}