{"id":201,"date":"2016-09-28T05:21:27","date_gmt":"2016-09-28T05:21:27","guid":{"rendered":"http:\/\/www.demo.acmethemes.com\/mercantile\/?page_id=20"},"modified":"2021-03-17T18:34:26","modified_gmt":"2021-03-17T18:34:26","slug":"quienes-somos","status":"publish","type":"page","link":"https:\/\/enfoqueenventas.com\/home\/quienes-somos\/","title":{"rendered":"Qui\u00e9nes somos"},"content":{"rendered":"<p>Somos una empresa de servicios de Consultor\u00eda de ventas especialistas en vendedores.<br \/>\nFundada en el a\u00f1o 2006 primero como Vendedores Ejecutivos y hoy en d\u00eda como Enfoque en ventas, nuestra misi\u00f3n siempre ha sido clara: Ayudar a las empresas a lograr sus metas comerciales con una gesti\u00f3n comercial enfocada a Resultados.<\/p>\n<p>Contamos con 3 l\u00edneas de servicios para poder ayudarte a resolver cualquier necesidad que tengas en tu departamento comercial:<\/p>\n<p><strong>1. Buscamos al personal de ventas que necesites<\/strong><br \/>\nReclutamiento y selecci\u00f3n de toda clase de vendedores en la rep\u00fablica mexicana<\/p>\n<p><strong>2. Preparamos a tus vendedores para crecerlos<\/strong><br \/>\nCon nuestro m\u00e9todo \u00fanico, evaluamos y dise\u00f1amos sistemas para capacitar y desarrollar a tus vendedores<\/p>\n<p><strong>3. Ponemos a tu disposici\u00f3n nuestros servicios de Consultor\u00eda especializada en ventas<\/strong><br \/>\nConoce todo lo que podemos hacer por tu empresa en tu departamento comercial \u00a1siempre con enfoque en resultados!<\/p>\n","protected":false},"excerpt":{"rendered":"<p>Somos una empresa de servicios de Consultor\u00eda de ventas especialistas en vendedores. Fundada en el a\u00f1o 2006 primero como Vendedores Ejecutivos y hoy en d\u00eda como Enfoque en ventas, nuestra misi\u00f3n siempre ha sido clara: Ayudar a las empresas a lograr sus metas comerciales con una gesti\u00f3n comercial enfocada a Resultados. Contamos con 3 l\u00edneas&hellip;<\/p>\n","protected":false},"author":1,"featured_media":58,"parent":0,"menu_order":0,"comment_status":"closed","ping_status":"closed","template":"","meta":{"_themeisle_gutenberg_block_has_review":false,"footnotes":""},"class_list":["post-201","page","type-page","status-publish","has-post-thumbnail","hentry"],"yoast_head":"<!-- This site is optimized with the Yoast SEO plugin v26.7 - https:\/\/yoast.com\/wordpress\/plugins\/seo\/ -->\n<title>Qui\u00e9nes somos - Enfoque en Ventas<\/title>\n<meta name=\"robots\" content=\"index, follow, max-snippet:-1, max-image-preview:large, max-video-preview:-1\" \/>\n<link rel=\"canonical\" href=\"https:\/\/enfoqueenventas.com\/home\/quienes-somos\/\" \/>\n<meta property=\"og:locale\" content=\"es_MX\" \/>\n<meta property=\"og:type\" content=\"article\" \/>\n<meta property=\"og:title\" content=\"Qui\u00e9nes somos - Enfoque en Ventas\" \/>\n<meta property=\"og:description\" content=\"Somos una empresa de servicios de Consultor\u00eda de ventas especialistas en vendedores. Fundada en el a\u00f1o 2006 primero como Vendedores Ejecutivos y hoy en d\u00eda como Enfoque en ventas, nuestra misi\u00f3n siempre ha sido clara: Ayudar a las empresas a lograr sus metas comerciales con una gesti\u00f3n comercial enfocada a Resultados. Contamos con 3 l\u00edneas&hellip;\" \/>\n<meta property=\"og:url\" content=\"https:\/\/enfoqueenventas.com\/home\/quienes-somos\/\" \/>\n<meta property=\"og:site_name\" content=\"Enfoque en Ventas\" \/>\n<meta property=\"article:publisher\" content=\"https:\/\/www.facebook.com\/Enfoqueenventas\" \/>\n<meta property=\"article:modified_time\" content=\"2021-03-17T18:34:26+00:00\" \/>\n<meta property=\"og:image\" content=\"https:\/\/enfoqueenventas.com\/home\/wp-content\/uploads\/2016\/09\/workplace-1245776_1280-1.jpg\" \/>\n\t<meta property=\"og:image:width\" content=\"1280\" \/>\n\t<meta property=\"og:image:height\" content=\"853\" \/>\n\t<meta property=\"og:image:type\" content=\"image\/jpeg\" \/>\n<meta name=\"twitter:card\" content=\"summary_large_image\" \/>\n<meta name=\"twitter:site\" content=\"@enfoqueenventas\" \/>\n<meta name=\"twitter:label1\" content=\"Tiempo de lectura\" \/>\n\t<meta name=\"twitter:data1\" content=\"1 minuto\" \/>\n<script type=\"application\/ld+json\" class=\"yoast-schema-graph\">{\"@context\":\"https:\/\/schema.org\",\"@graph\":[{\"@type\":\"WebPage\",\"@id\":\"https:\/\/enfoqueenventas.com\/home\/quienes-somos\/\",\"url\":\"https:\/\/enfoqueenventas.com\/home\/quienes-somos\/\",\"name\":\"Qui\u00e9nes somos - Enfoque en Ventas\",\"isPartOf\":{\"@id\":\"https:\/\/enfoqueenventas.com\/home\/#website\"},\"primaryImageOfPage\":{\"@id\":\"https:\/\/enfoqueenventas.com\/home\/quienes-somos\/#primaryimage\"},\"image\":{\"@id\":\"https:\/\/enfoqueenventas.com\/home\/quienes-somos\/#primaryimage\"},\"thumbnailUrl\":\"https:\/\/enfoqueenventas.com\/home\/wp-content\/uploads\/2016\/09\/workplace-1245776_1280-1.jpg\",\"datePublished\":\"2016-09-28T05:21:27+00:00\",\"dateModified\":\"2021-03-17T18:34:26+00:00\",\"breadcrumb\":{\"@id\":\"https:\/\/enfoqueenventas.com\/home\/quienes-somos\/#breadcrumb\"},\"inLanguage\":\"es\",\"potentialAction\":[{\"@type\":\"ReadAction\",\"target\":[\"https:\/\/enfoqueenventas.com\/home\/quienes-somos\/\"]}]},{\"@type\":\"ImageObject\",\"inLanguage\":\"es\",\"@id\":\"https:\/\/enfoqueenventas.com\/home\/quienes-somos\/#primaryimage\",\"url\":\"https:\/\/enfoqueenventas.com\/home\/wp-content\/uploads\/2016\/09\/workplace-1245776_1280-1.jpg\",\"contentUrl\":\"https:\/\/enfoqueenventas.com\/home\/wp-content\/uploads\/2016\/09\/workplace-1245776_1280-1.jpg\",\"width\":1280,\"height\":853},{\"@type\":\"BreadcrumbList\",\"@id\":\"https:\/\/enfoqueenventas.com\/home\/quienes-somos\/#breadcrumb\",\"itemListElement\":[{\"@type\":\"ListItem\",\"position\":1,\"name\":\"Inicio\",\"item\":\"https:\/\/enfoqueenventas.com\/home\/\"},{\"@type\":\"ListItem\",\"position\":2,\"name\":\"Qui\u00e9nes somos\"}]},{\"@type\":\"WebSite\",\"@id\":\"https:\/\/enfoqueenventas.com\/home\/#website\",\"url\":\"https:\/\/enfoqueenventas.com\/home\/\",\"name\":\"Enfoque en Ventas\",\"description\":\"Todo sobre vendedores\",\"publisher\":{\"@id\":\"https:\/\/enfoqueenventas.com\/home\/#organization\"},\"potentialAction\":[{\"@type\":\"SearchAction\",\"target\":{\"@type\":\"EntryPoint\",\"urlTemplate\":\"https:\/\/enfoqueenventas.com\/home\/?s={search_term_string}\"},\"query-input\":{\"@type\":\"PropertyValueSpecification\",\"valueRequired\":true,\"valueName\":\"search_term_string\"}}],\"inLanguage\":\"es\"},{\"@type\":\"Organization\",\"@id\":\"https:\/\/enfoqueenventas.com\/home\/#organization\",\"name\":\"Enfoque En Ventas\",\"url\":\"https:\/\/enfoqueenventas.com\/home\/\",\"logo\":{\"@type\":\"ImageObject\",\"inLanguage\":\"es\",\"@id\":\"https:\/\/enfoqueenventas.com\/home\/#\/schema\/logo\/image\/\",\"url\":\"https:\/\/enfoqueenventas.com\/home\/wp-content\/uploads\/2021\/01\/logo_enfoqueenventas.png\",\"contentUrl\":\"https:\/\/enfoqueenventas.com\/home\/wp-content\/uploads\/2021\/01\/logo_enfoqueenventas.png\",\"width\":350,\"height\":107,\"caption\":\"Enfoque En Ventas\"},\"image\":{\"@id\":\"https:\/\/enfoqueenventas.com\/home\/#\/schema\/logo\/image\/\"},\"sameAs\":[\"https:\/\/www.facebook.com\/Enfoqueenventas\",\"https:\/\/x.com\/enfoqueenventas\",\"https:\/\/www.youtube.com\/channel\/UCKx2JodYn7wY785--EA3sdA\"]}]}<\/script>\n<!-- \/ Yoast SEO plugin. -->","yoast_head_json":{"title":"Qui\u00e9nes somos - Enfoque en Ventas","robots":{"index":"index","follow":"follow","max-snippet":"max-snippet:-1","max-image-preview":"max-image-preview:large","max-video-preview":"max-video-preview:-1"},"canonical":"https:\/\/enfoqueenventas.com\/home\/quienes-somos\/","og_locale":"es_MX","og_type":"article","og_title":"Qui\u00e9nes somos - Enfoque en Ventas","og_description":"Somos una empresa de servicios de Consultor\u00eda de ventas especialistas en vendedores. Fundada en el a\u00f1o 2006 primero como Vendedores Ejecutivos y hoy en d\u00eda como Enfoque en ventas, nuestra misi\u00f3n siempre ha sido clara: Ayudar a las empresas a lograr sus metas comerciales con una gesti\u00f3n comercial enfocada a Resultados. Contamos con 3 l\u00edneas&hellip;","og_url":"https:\/\/enfoqueenventas.com\/home\/quienes-somos\/","og_site_name":"Enfoque en Ventas","article_publisher":"https:\/\/www.facebook.com\/Enfoqueenventas","article_modified_time":"2021-03-17T18:34:26+00:00","og_image":[{"width":1280,"height":853,"url":"https:\/\/enfoqueenventas.com\/home\/wp-content\/uploads\/2016\/09\/workplace-1245776_1280-1.jpg","type":"image\/jpeg"}],"twitter_card":"summary_large_image","twitter_site":"@enfoqueenventas","twitter_misc":{"Tiempo de lectura":"1 minuto"},"schema":{"@context":"https:\/\/schema.org","@graph":[{"@type":"WebPage","@id":"https:\/\/enfoqueenventas.com\/home\/quienes-somos\/","url":"https:\/\/enfoqueenventas.com\/home\/quienes-somos\/","name":"Qui\u00e9nes somos - Enfoque en Ventas","isPartOf":{"@id":"https:\/\/enfoqueenventas.com\/home\/#website"},"primaryImageOfPage":{"@id":"https:\/\/enfoqueenventas.com\/home\/quienes-somos\/#primaryimage"},"image":{"@id":"https:\/\/enfoqueenventas.com\/home\/quienes-somos\/#primaryimage"},"thumbnailUrl":"https:\/\/enfoqueenventas.com\/home\/wp-content\/uploads\/2016\/09\/workplace-1245776_1280-1.jpg","datePublished":"2016-09-28T05:21:27+00:00","dateModified":"2021-03-17T18:34:26+00:00","breadcrumb":{"@id":"https:\/\/enfoqueenventas.com\/home\/quienes-somos\/#breadcrumb"},"inLanguage":"es","potentialAction":[{"@type":"ReadAction","target":["https:\/\/enfoqueenventas.com\/home\/quienes-somos\/"]}]},{"@type":"ImageObject","inLanguage":"es","@id":"https:\/\/enfoqueenventas.com\/home\/quienes-somos\/#primaryimage","url":"https:\/\/enfoqueenventas.com\/home\/wp-content\/uploads\/2016\/09\/workplace-1245776_1280-1.jpg","contentUrl":"https:\/\/enfoqueenventas.com\/home\/wp-content\/uploads\/2016\/09\/workplace-1245776_1280-1.jpg","width":1280,"height":853},{"@type":"BreadcrumbList","@id":"https:\/\/enfoqueenventas.com\/home\/quienes-somos\/#breadcrumb","itemListElement":[{"@type":"ListItem","position":1,"name":"Inicio","item":"https:\/\/enfoqueenventas.com\/home\/"},{"@type":"ListItem","position":2,"name":"Qui\u00e9nes somos"}]},{"@type":"WebSite","@id":"https:\/\/enfoqueenventas.com\/home\/#website","url":"https:\/\/enfoqueenventas.com\/home\/","name":"Enfoque en Ventas","description":"Todo sobre vendedores","publisher":{"@id":"https:\/\/enfoqueenventas.com\/home\/#organization"},"potentialAction":[{"@type":"SearchAction","target":{"@type":"EntryPoint","urlTemplate":"https:\/\/enfoqueenventas.com\/home\/?s={search_term_string}"},"query-input":{"@type":"PropertyValueSpecification","valueRequired":true,"valueName":"search_term_string"}}],"inLanguage":"es"},{"@type":"Organization","@id":"https:\/\/enfoqueenventas.com\/home\/#organization","name":"Enfoque En Ventas","url":"https:\/\/enfoqueenventas.com\/home\/","logo":{"@type":"ImageObject","inLanguage":"es","@id":"https:\/\/enfoqueenventas.com\/home\/#\/schema\/logo\/image\/","url":"https:\/\/enfoqueenventas.com\/home\/wp-content\/uploads\/2021\/01\/logo_enfoqueenventas.png","contentUrl":"https:\/\/enfoqueenventas.com\/home\/wp-content\/uploads\/2021\/01\/logo_enfoqueenventas.png","width":350,"height":107,"caption":"Enfoque En Ventas"},"image":{"@id":"https:\/\/enfoqueenventas.com\/home\/#\/schema\/logo\/image\/"},"sameAs":["https:\/\/www.facebook.com\/Enfoqueenventas","https:\/\/x.com\/enfoqueenventas","https:\/\/www.youtube.com\/channel\/UCKx2JodYn7wY785--EA3sdA"]}]}},"_links":{"self":[{"href":"https:\/\/enfoqueenventas.com\/home\/wp-json\/wp\/v2\/pages\/201","targetHints":{"allow":["GET"]}}],"collection":[{"href":"https:\/\/enfoqueenventas.com\/home\/wp-json\/wp\/v2\/pages"}],"about":[{"href":"https:\/\/enfoqueenventas.com\/home\/wp-json\/wp\/v2\/types\/page"}],"author":[{"embeddable":true,"href":"https:\/\/enfoqueenventas.com\/home\/wp-json\/wp\/v2\/users\/1"}],"replies":[{"embeddable":true,"href":"https:\/\/enfoqueenventas.com\/home\/wp-json\/wp\/v2\/comments?post=201"}],"version-history":[{"count":3,"href":"https:\/\/enfoqueenventas.com\/home\/wp-json\/wp\/v2\/pages\/201\/revisions"}],"predecessor-version":[{"id":282,"href":"https:\/\/enfoqueenventas.com\/home\/wp-json\/wp\/v2\/pages\/201\/revisions\/282"}],"wp:featuredmedia":[{"embeddable":true,"href":"https:\/\/enfoqueenventas.com\/home\/wp-json\/wp\/v2\/media\/58"}],"wp:attachment":[{"href":"https:\/\/enfoqueenventas.com\/home\/wp-json\/wp\/v2\/media?parent=201"}],"curies":[{"name":"wp","href":"https:\/\/api.w.org\/{rel}","templated":true}]}}