{"id":213,"date":"2016-09-28T04:54:32","date_gmt":"2016-09-28T04:54:32","guid":{"rendered":"http:\/\/www.demo.acmethemes.com\/mercantile\/?page_id=4"},"modified":"2025-04-24T14:23:26","modified_gmt":"2025-04-24T20:23:26","slug":"inicio","status":"publish","type":"page","link":"https:\/\/enfoqueenventas.com\/home\/","title":{"rendered":"Inicio"},"content":{"rendered":"\n\n\n\nQuienes Somos\n\n\n\n\n\n\n\n\n\nSomos una empresa de servicios de Consultor\u00eda de ventas ESPECIALISTAS EN GESTI\u00d3N COMERCIAL.\n\n\n\n\n\nSomos LA \u00daNICA empresa que cuenta con profesionales en ventas para Asesorarte a Reclutar y Seleccionar vendedores.\n\n\n\n\n\nSomos la empresa que necesitas para mejorar los resultados en ventas de tu negocio.&nbsp;<strong>Trabajamos con Enfoque en Resultados.<\/strong><br>\n\n\n\n\n\nSomos la empresa que te llevar\u00e1 de la mano para que tu empresa aprenda a vender de&nbsp;<strong>forma eficaz y rentable.<\/strong><br>\n\n\n\n\n\n\n\n\n\nNuestros Servicios\n\n\n\n\n\n\n\n\n\n\n\n<strong>\u00a1HACEMOS QUE TU EMPRESA VENDA M\u00c1S!<\/strong>\n\n\n\nConoce qu\u00e9 podemos hacer para mejorar los resultados.\n\n\n\n\n\n\n\n\n\n\n\n\u00bfNECESITAS UN BUEN VENDEDOR?\n\n\n\nTe Asesoramos en el Reclutamiento y Selecci\u00f3n del vendedor que necesitas.\n\n\n\n\n\n\n\n\n\n\n\nDESARROLLAMOS A TUS VENDEDORES\n\n\n\nConoce c\u00f3mo los llevamos a la m\u00e1s alta productividad<br>\n\n\n\n\n\n\n\n\n\n\n\nEVALUAMOS FUERZAS DE VENTAS\n\n\n\nConoce nuestro servicio de Evaluaci\u00f3n de fuerzas de ventas\n\n\n\n\n\n\n\n\n\n\n\nTestimonios\n\n\n\n\n\n\n\n\n\n\n\n<strong><strong>Arturo Sanabria<\/strong><\/strong>\n\n\n\n\n\n<em>Mi empresa ten\u00eda problemas de ventas, con la ayuda de Enfoque en ventas ya llegamos a las metas y seguimos creciendo \u00a1Gracias a Enfoque en ventas!<\/em>\n\n\n\n\n\n\n\n<strong>Rolando Mu\u00f1oz<\/strong>\n\n\n\n\n\n<em><em>Enfoque En ventas siempre nos consigue los mejores vendedores y nos ayuda a desarrollarlos y supervisarlos durante su arranque.<\/em><\/em>\n\n\n\n\n\n\n\n<strong>Roberto Mantilla<\/strong>\n\n\n\n\n\n<em>Ha sido un placer trabajar con el equipo de Enfoque En Ventas ya que son muy profesionales y nos ha ayudado crear un \u00e1rea comercial que si vende.<\/em><br>\n\n\n\n\n\n\n\n\n\nNuestros Clientes\n\n\n\n\n\n\n\n\n\n<div id=\"wp-block-themeisle-blocks-slider-2127e06a\" class=\"wp-block-themeisle-blocks-slider glide\" data-per-view=\"1\" data-gap=\"0\" data-peek=\"0\" data-autoplay=\"true\" data-height=\"500px\" data-hide-arrows=\"true\"><div class=\"glide__track\" data-glide-el=\"track\"><div class=\"glide__slides\"><div class=\"wp-block-themeisle-blocks-slider-item-wrapper glide__slide\" tabindex=\"0\"><figure><img decoding=\"async\" class=\"wp-block-themeisle-blocks-slider-item\" src=\"https:\/\/enfoqueenventas.com\/home\/wp-content\/uploads\/2025\/04\/delangel-1.png\" alt=\"\" title=\"\" data-id=\"4287\"\/><\/figure><\/div><div class=\"wp-block-themeisle-blocks-slider-item-wrapper glide__slide\" tabindex=\"0\"><figure><img decoding=\"async\" class=\"wp-block-themeisle-blocks-slider-item\" src=\"https:\/\/enfoqueenventas.com\/home\/wp-content\/uploads\/2025\/04\/dx-1.png\" alt=\"\" title=\"\" data-id=\"4285\"\/><\/figure><\/div><div class=\"wp-block-themeisle-blocks-slider-item-wrapper glide__slide\" tabindex=\"0\"><figure><img decoding=\"async\" class=\"wp-block-themeisle-blocks-slider-item\" src=\"https:\/\/enfoqueenventas.com\/home\/wp-content\/uploads\/2025\/04\/ampi-1.png\" alt=\"\" title=\"\" data-id=\"4286\"\/><\/figure><\/div><div class=\"wp-block-themeisle-blocks-slider-item-wrapper glide__slide\" tabindex=\"0\"><figure><img decoding=\"async\" class=\"wp-block-themeisle-blocks-slider-item\" src=\"https:\/\/enfoqueenventas.com\/home\/wp-content\/uploads\/2025\/04\/gpg-1.png\" alt=\"\" title=\"\" data-id=\"4284\"\/><\/figure><\/div><div class=\"wp-block-themeisle-blocks-slider-item-wrapper glide__slide\" tabindex=\"0\"><figure><img decoding=\"async\" class=\"wp-block-themeisle-blocks-slider-item\" src=\"https:\/\/enfoqueenventas.com\/home\/wp-content\/uploads\/2025\/04\/vinas-1.png\" alt=\"\" title=\"\" data-id=\"4288\"\/><\/figure><\/div><\/div><\/div><\/div>\n\n\n\n\n\n<div id=\"wp-block-themeisle-blocks-slider-4e0bb331\" class=\"wp-block-themeisle-blocks-slider glide\" data-per-view=\"1\" data-gap=\"0\" data-peek=\"0\" data-autoplay=\"true\" data-height=\"500px\" data-hide-arrows=\"true\"><div class=\"glide__track\" data-glide-el=\"track\"><div class=\"glide__slides\"><div class=\"wp-block-themeisle-blocks-slider-item-wrapper glide__slide\" tabindex=\"0\"><figure><img decoding=\"async\" class=\"wp-block-themeisle-blocks-slider-item\" src=\"https:\/\/enfoqueenventas.com\/home\/wp-content\/uploads\/2025\/04\/computaciondelgolfo-1.png\" alt=\"\" title=\"\" data-id=\"4293\"\/><\/figure><\/div><div class=\"wp-block-themeisle-blocks-slider-item-wrapper glide__slide\" tabindex=\"0\"><figure><img decoding=\"async\" class=\"wp-block-themeisle-blocks-slider-item\" src=\"https:\/\/enfoqueenventas.com\/home\/wp-content\/uploads\/2025\/04\/rullan-1.png\" alt=\"\" title=\"\" data-id=\"4290\"\/><\/figure><\/div><div class=\"wp-block-themeisle-blocks-slider-item-wrapper glide__slide\" tabindex=\"0\"><figure><img decoding=\"async\" class=\"wp-block-themeisle-blocks-slider-item\" src=\"https:\/\/enfoqueenventas.com\/home\/wp-content\/uploads\/2025\/04\/adt-1.png\" alt=\"\" title=\"\" data-id=\"4292\"\/><\/figure><\/div><div class=\"wp-block-themeisle-blocks-slider-item-wrapper glide__slide\" tabindex=\"0\"><figure><img decoding=\"async\" class=\"wp-block-themeisle-blocks-slider-item\" src=\"https:\/\/enfoqueenventas.com\/home\/wp-content\/uploads\/2025\/04\/comex-1.png\" alt=\"\" title=\"\" data-id=\"4294\"\/><\/figure><\/div><div class=\"wp-block-themeisle-blocks-slider-item-wrapper glide__slide\" tabindex=\"0\"><figure><img decoding=\"async\" class=\"wp-block-themeisle-blocks-slider-item\" src=\"https:\/\/enfoqueenventas.com\/home\/wp-content\/uploads\/2025\/04\/mazda-1.png\" alt=\"\" title=\"\" data-id=\"4289\"\/><\/figure><\/div><div class=\"wp-block-themeisle-blocks-slider-item-wrapper glide__slide\" tabindex=\"0\"><figure><img decoding=\"async\" class=\"wp-block-themeisle-blocks-slider-item\" src=\"https:\/\/enfoqueenventas.com\/home\/wp-content\/uploads\/2025\/04\/dormimundo-1.png\" alt=\"\" title=\"\" data-id=\"4295\"\/><\/figure><\/div><div class=\"wp-block-themeisle-blocks-slider-item-wrapper glide__slide\" tabindex=\"0\"><figure><img decoding=\"async\" class=\"wp-block-themeisle-blocks-slider-item\" src=\"https:\/\/enfoqueenventas.com\/home\/wp-content\/uploads\/2025\/04\/upscalemedia-transformed-3.png\" alt=\"\" title=\"\" data-id=\"4291\"\/><\/figure><\/div><\/div><\/div><\/div>\n\n\n\n\n\n\n\n\n\nNuestro Experto\n\n\n\n\n\n\n\n\n\n\n\n<strong>Lic. Enrique M\u00e9zquita Ochoa<\/strong>\n\n\n\nCEO y Fundador de Enfoque en ventas, empresa consultora especialista en ventas.\n\n\n\n\n\n\n\n\n\n\n\nActualmente se desempe\u00f1a como consultor de ventas y estrategia a trav\u00e9s de cl\u00ednicas, seminarios y consultor\u00eda especializada.\n\n\n\nCuenta con experiencia comercial en todos los niveles, adem\u00e1s, es experto reclutador de vendedores, implantaci\u00f3n de sistemas de ventas\n\n\n\n\n\n\n\n\n\n\n\nEnfoque en Ventas\n\n\n\n\n\n\n\n\n\n<strong>Servicios realizados<\/strong>\n\n\n\n<div id=\"section-g-jce5eo4\" class=\"wp-block-gutentor-e3 section-g-jce5eo4 gutentor-element gutentor-element-counter text-align-center-desktop\"><div class=\"gutentor-element-counter-box\"><span class=\"gutentor-counter-number\"><span class=\"gutentor-counter-number-prefix\"><\/span><span class=\"gutentor-counter-number-main\" data-start=\"0\" data-end=\"1000\">1000<\/span><span class=\"gutentor-counter-number-postfix\"><\/span><\/span><\/div><\/div>\n\n\n\n<div id=\"wp-block-themeisle-blocks-circle-counter-22c72f36\" data-percentage=\"99\" data-duration=\"2\" data-height=\"100\" data-stroke-width=\"10\" class=\"wp-block-themeisle-blocks-circle-counter\"><div class=\"wp-block-themeisle-blocks-circle-counter-title__area\"><span class=\"wp-block-themeisle-blocks-circle-counter-title__value\"><\/span><\/div><div class=\"wp-block-themeisle-blocks-circle-counter__bar\"><\/div><\/div>\n\n\n\n\n\n<strong>Clientes Satisfechos<\/strong>\n\n\n\n<div id=\"section-g-jce5eo4\" class=\"wp-block-gutentor-e3 section-g-jce5eo4 gutentor-element gutentor-element-counter text-align-center-desktop\"><div class=\"gutentor-element-counter-box\"><span class=\"gutentor-counter-number\"><span class=\"gutentor-counter-number-prefix\"><\/span><span class=\"gutentor-counter-number-main\" data-start=\"0\" data-end=\"1098\">1098<\/span><span class=\"gutentor-counter-number-postfix\"><\/span><\/span><\/div><\/div>\n\n\n\n<div id=\"wp-block-themeisle-blocks-circle-counter-6379f99b\" data-percentage=\"50\" data-duration=\"2\" data-height=\"100\" data-stroke-width=\"10\" class=\"wp-block-themeisle-blocks-circle-counter\"><div class=\"wp-block-themeisle-blocks-circle-counter-title__area\"><span class=\"wp-block-themeisle-blocks-circle-counter-title__value\"><\/span><\/div><div class=\"wp-block-themeisle-blocks-circle-counter__bar\"><\/div><\/div>\n\n\n\n\n\n<strong>Clientes Nuevos<\/strong>\n\n\n\n<div id=\"section-g-jce5eo4\" class=\"wp-block-gutentor-e3 section-g-jce5eo4 gutentor-element gutentor-element-counter text-align-center-desktop\"><div class=\"gutentor-element-counter-box\"><span class=\"gutentor-counter-number\"><span class=\"gutentor-counter-number-prefix\"><\/span><span class=\"gutentor-counter-number-main\" data-start=\"0\" data-end=\"1000\">1000<\/span><span class=\"gutentor-counter-number-postfix\"><\/span><\/span><\/div><\/div>\n\n\n\n<div id=\"wp-block-themeisle-blocks-circle-counter-93b072e7\" data-percentage=\"50\" data-duration=\"2\" data-height=\"100\" data-stroke-width=\"10\" class=\"wp-block-themeisle-blocks-circle-counter\"><div class=\"wp-block-themeisle-blocks-circle-counter-title__area\"><span class=\"wp-block-themeisle-blocks-circle-counter-title__value\"><\/span><\/div><div class=\"wp-block-themeisle-blocks-circle-counter__bar\"><\/div><\/div>\n\n\n\n\n\n\n\n\n\nCont\u00e1ctanos\n\n\n\n\n+52 (229) 118-0809\n\n\n\n\n\nventas@enfoqueenventas.com\n\n\n\n\n\nAv. Gonz\u00e1lez Pages #1027, Veracruz, Veracruz, M\u00e9xico\n\n\n\n\n\n<div style=\"height:400pxpx;\" class=\"wp-block-themeisle-blocks-leaflet-map\" id=\"wp-block-themeisle-blocks-leaflet-map-6dd8e098\"><\/div>\n<script type=\"text\/javascript\">\n\t\/* <![CDATA[ *\/\n\t\tif ( ! window.themeisleLeafletMaps ) window.themeisleLeafletMaps =[];\n\t\twindow.themeisleLeafletMaps.push( { container: \"wp-block-themeisle-blocks-leaflet-map-6dd8e098\", attributes: {\"id\":\"wp-block-themeisle-blocks-leaflet-map-6dd8e098\",\"location\":\"veracruz\",\"latitude\":\"19.18335407997676\",\"longitude\":\"-96.12786054611207\",\"bbox\":\"-96.12783908843996,19.18335407997676,-96.12783908843996,19.18335407997676\",\"zoom\":15,\"zoomControl\":false,\"draggable\":false,\"height\":\"400px\",\"markers\":[],\"hasCustomCSS\":false,\"customCSS\":\"\",\"otterConditions\":[]} } );\n\t\/* ]]> *\/\n<\/script>\n\n\n\n","protected":false},"excerpt":{"rendered":"","protected":false},"author":1,"featured_media":619,"parent":0,"menu_order":0,"comment_status":"closed","ping_status":"closed","template":"","meta":{"_themeisle_gutenberg_block_has_review":false,"footnotes":""},"class_list":["post-213","page","type-page","status-publish","has-post-thumbnail","hentry"],"yoast_head":"<!-- This site is optimized with the Yoast SEO plugin v26.7 - https:\/\/yoast.com\/wordpress\/plugins\/seo\/ -->\n<title>Enfoque en Ventas - Somos especialistas en vendedores<\/title>\n<meta name=\"description\" content=\"Empresa de servicios, especialistas en vendedores. Te ayudamos a optimizar tus resultados y te ense\u00f1amos a vender de forma eficaz y rentable\" \/>\n<meta name=\"robots\" content=\"index, follow, max-snippet:-1, max-image-preview:large, max-video-preview:-1\" \/>\n<link rel=\"canonical\" href=\"https:\/\/enfoqueenventas.com\/home\/\" \/>\n<meta property=\"og:locale\" content=\"es_MX\" \/>\n<meta property=\"og:type\" content=\"article\" \/>\n<meta property=\"og:title\" content=\"Enfoque en ventas - Somos especialistas en vendedores\" \/>\n<meta property=\"og:description\" content=\"Empresa de servicios, especialistas en vendedores. Te ayudamos a optimizar tus resultados y te ense\u00f1amos a vender de forma eficaz y rentable\" \/>\n<meta property=\"og:url\" content=\"https:\/\/enfoqueenventas.com\/home\/\" \/>\n<meta property=\"og:site_name\" content=\"Enfoque en Ventas\" \/>\n<meta property=\"article:publisher\" content=\"https:\/\/www.facebook.com\/Enfoqueenventas\" \/>\n<meta property=\"article:modified_time\" content=\"2025-04-24T20:23:26+00:00\" \/>\n<meta property=\"og:image\" content=\"https:\/\/enfoqueenventas.com\/home\/wp-content\/uploads\/2021\/04\/VENDEDOR1.jpg\" \/>\n\t<meta property=\"og:image:width\" content=\"626\" \/>\n\t<meta property=\"og:image:height\" content=\"417\" \/>\n\t<meta property=\"og:image:type\" content=\"image\/jpeg\" \/>\n<meta name=\"twitter:card\" content=\"summary_large_image\" \/>\n<meta name=\"twitter:title\" content=\"Enfoque en ventas - Somos especialistas en vendedores\" \/>\n<meta name=\"twitter:description\" content=\"Empresa de servicios, especialistas en vendedores. Te ayudamos a optimizar tus resultados y te ense\u00f1amos a vender de forma eficaz y rentable\" \/>\n<meta name=\"twitter:image\" content=\"https:\/\/enfoqueenventas.com\/home\/wp-content\/uploads\/2021\/04\/VENDEDOR1.jpg\" \/>\n<meta name=\"twitter:site\" content=\"@enfoqueenventas\" \/>\n<meta name=\"twitter:label1\" content=\"Tiempo de lectura\" \/>\n\t<meta name=\"twitter:data1\" content=\"2 minutos\" \/>\n<script type=\"application\/ld+json\" class=\"yoast-schema-graph\">{\"@context\":\"https:\/\/schema.org\",\"@graph\":[{\"@type\":\"WebPage\",\"@id\":\"https:\/\/enfoqueenventas.com\/home\/\",\"url\":\"https:\/\/enfoqueenventas.com\/home\/\",\"name\":\"Enfoque en Ventas - Somos especialistas en vendedores\",\"isPartOf\":{\"@id\":\"https:\/\/enfoqueenventas.com\/home\/#website\"},\"primaryImageOfPage\":{\"@id\":\"https:\/\/enfoqueenventas.com\/home\/#primaryimage\"},\"image\":{\"@id\":\"https:\/\/enfoqueenventas.com\/home\/#primaryimage\"},\"thumbnailUrl\":\"https:\/\/enfoqueenventas.com\/home\/wp-content\/uploads\/2021\/04\/VENDEDOR1.jpg\",\"datePublished\":\"2016-09-28T04:54:32+00:00\",\"dateModified\":\"2025-04-24T20:23:26+00:00\",\"description\":\"Empresa de servicios, especialistas en vendedores. Te ayudamos a optimizar tus resultados y te ense\u00f1amos a vender de forma eficaz y rentable\",\"breadcrumb\":{\"@id\":\"https:\/\/enfoqueenventas.com\/home\/#breadcrumb\"},\"inLanguage\":\"es\",\"potentialAction\":[{\"@type\":\"ReadAction\",\"target\":[\"https:\/\/enfoqueenventas.com\/home\/\"]}]},{\"@type\":\"ImageObject\",\"inLanguage\":\"es\",\"@id\":\"https:\/\/enfoqueenventas.com\/home\/#primaryimage\",\"url\":\"https:\/\/enfoqueenventas.com\/home\/wp-content\/uploads\/2021\/04\/VENDEDOR1.jpg\",\"contentUrl\":\"https:\/\/enfoqueenventas.com\/home\/wp-content\/uploads\/2021\/04\/VENDEDOR1.jpg\",\"width\":626,\"height\":417},{\"@type\":\"BreadcrumbList\",\"@id\":\"https:\/\/enfoqueenventas.com\/home\/#breadcrumb\",\"itemListElement\":[{\"@type\":\"ListItem\",\"position\":1,\"name\":\"Inicio\",\"item\":\"https:\/\/enfoqueenventas.com\/home\/\"},{\"@type\":\"ListItem\",\"position\":2,\"name\":\"Inicio\"}]},{\"@type\":\"WebSite\",\"@id\":\"https:\/\/enfoqueenventas.com\/home\/#website\",\"url\":\"https:\/\/enfoqueenventas.com\/home\/\",\"name\":\"Enfoque en Ventas\",\"description\":\"Todo sobre vendedores\",\"publisher\":{\"@id\":\"https:\/\/enfoqueenventas.com\/home\/#organization\"},\"potentialAction\":[{\"@type\":\"SearchAction\",\"target\":{\"@type\":\"EntryPoint\",\"urlTemplate\":\"https:\/\/enfoqueenventas.com\/home\/?s={search_term_string}\"},\"query-input\":{\"@type\":\"PropertyValueSpecification\",\"valueRequired\":true,\"valueName\":\"search_term_string\"}}],\"inLanguage\":\"es\"},{\"@type\":\"Organization\",\"@id\":\"https:\/\/enfoqueenventas.com\/home\/#organization\",\"name\":\"Enfoque En Ventas\",\"url\":\"https:\/\/enfoqueenventas.com\/home\/\",\"logo\":{\"@type\":\"ImageObject\",\"inLanguage\":\"es\",\"@id\":\"https:\/\/enfoqueenventas.com\/home\/#\/schema\/logo\/image\/\",\"url\":\"https:\/\/enfoqueenventas.com\/home\/wp-content\/uploads\/2021\/01\/logo_enfoqueenventas.png\",\"contentUrl\":\"https:\/\/enfoqueenventas.com\/home\/wp-content\/uploads\/2021\/01\/logo_enfoqueenventas.png\",\"width\":350,\"height\":107,\"caption\":\"Enfoque En Ventas\"},\"image\":{\"@id\":\"https:\/\/enfoqueenventas.com\/home\/#\/schema\/logo\/image\/\"},\"sameAs\":[\"https:\/\/www.facebook.com\/Enfoqueenventas\",\"https:\/\/x.com\/enfoqueenventas\",\"https:\/\/www.youtube.com\/channel\/UCKx2JodYn7wY785--EA3sdA\"]}]}<\/script>\n<!-- \/ Yoast SEO plugin. -->","yoast_head_json":{"title":"Enfoque en Ventas - Somos especialistas en vendedores","description":"Empresa de servicios, especialistas en vendedores. Te ayudamos a optimizar tus resultados y te ense\u00f1amos a vender de forma eficaz y rentable","robots":{"index":"index","follow":"follow","max-snippet":"max-snippet:-1","max-image-preview":"max-image-preview:large","max-video-preview":"max-video-preview:-1"},"canonical":"https:\/\/enfoqueenventas.com\/home\/","og_locale":"es_MX","og_type":"article","og_title":"Enfoque en ventas - Somos especialistas en vendedores","og_description":"Empresa de servicios, especialistas en vendedores. Te ayudamos a optimizar tus resultados y te ense\u00f1amos a vender de forma eficaz y rentable","og_url":"https:\/\/enfoqueenventas.com\/home\/","og_site_name":"Enfoque en Ventas","article_publisher":"https:\/\/www.facebook.com\/Enfoqueenventas","article_modified_time":"2025-04-24T20:23:26+00:00","og_image":[{"width":626,"height":417,"url":"https:\/\/enfoqueenventas.com\/home\/wp-content\/uploads\/2021\/04\/VENDEDOR1.jpg","type":"image\/jpeg"}],"twitter_card":"summary_large_image","twitter_title":"Enfoque en ventas - Somos especialistas en vendedores","twitter_description":"Empresa de servicios, especialistas en vendedores. Te ayudamos a optimizar tus resultados y te ense\u00f1amos a vender de forma eficaz y rentable","twitter_image":"https:\/\/enfoqueenventas.com\/home\/wp-content\/uploads\/2021\/04\/VENDEDOR1.jpg","twitter_site":"@enfoqueenventas","twitter_misc":{"Tiempo de lectura":"2 minutos"},"schema":{"@context":"https:\/\/schema.org","@graph":[{"@type":"WebPage","@id":"https:\/\/enfoqueenventas.com\/home\/","url":"https:\/\/enfoqueenventas.com\/home\/","name":"Enfoque en Ventas - Somos especialistas en vendedores","isPartOf":{"@id":"https:\/\/enfoqueenventas.com\/home\/#website"},"primaryImageOfPage":{"@id":"https:\/\/enfoqueenventas.com\/home\/#primaryimage"},"image":{"@id":"https:\/\/enfoqueenventas.com\/home\/#primaryimage"},"thumbnailUrl":"https:\/\/enfoqueenventas.com\/home\/wp-content\/uploads\/2021\/04\/VENDEDOR1.jpg","datePublished":"2016-09-28T04:54:32+00:00","dateModified":"2025-04-24T20:23:26+00:00","description":"Empresa de servicios, especialistas en vendedores. Te ayudamos a optimizar tus resultados y te ense\u00f1amos a vender de forma eficaz y rentable","breadcrumb":{"@id":"https:\/\/enfoqueenventas.com\/home\/#breadcrumb"},"inLanguage":"es","potentialAction":[{"@type":"ReadAction","target":["https:\/\/enfoqueenventas.com\/home\/"]}]},{"@type":"ImageObject","inLanguage":"es","@id":"https:\/\/enfoqueenventas.com\/home\/#primaryimage","url":"https:\/\/enfoqueenventas.com\/home\/wp-content\/uploads\/2021\/04\/VENDEDOR1.jpg","contentUrl":"https:\/\/enfoqueenventas.com\/home\/wp-content\/uploads\/2021\/04\/VENDEDOR1.jpg","width":626,"height":417},{"@type":"BreadcrumbList","@id":"https:\/\/enfoqueenventas.com\/home\/#breadcrumb","itemListElement":[{"@type":"ListItem","position":1,"name":"Inicio","item":"https:\/\/enfoqueenventas.com\/home\/"},{"@type":"ListItem","position":2,"name":"Inicio"}]},{"@type":"WebSite","@id":"https:\/\/enfoqueenventas.com\/home\/#website","url":"https:\/\/enfoqueenventas.com\/home\/","name":"Enfoque en Ventas","description":"Todo sobre vendedores","publisher":{"@id":"https:\/\/enfoqueenventas.com\/home\/#organization"},"potentialAction":[{"@type":"SearchAction","target":{"@type":"EntryPoint","urlTemplate":"https:\/\/enfoqueenventas.com\/home\/?s={search_term_string}"},"query-input":{"@type":"PropertyValueSpecification","valueRequired":true,"valueName":"search_term_string"}}],"inLanguage":"es"},{"@type":"Organization","@id":"https:\/\/enfoqueenventas.com\/home\/#organization","name":"Enfoque En Ventas","url":"https:\/\/enfoqueenventas.com\/home\/","logo":{"@type":"ImageObject","inLanguage":"es","@id":"https:\/\/enfoqueenventas.com\/home\/#\/schema\/logo\/image\/","url":"https:\/\/enfoqueenventas.com\/home\/wp-content\/uploads\/2021\/01\/logo_enfoqueenventas.png","contentUrl":"https:\/\/enfoqueenventas.com\/home\/wp-content\/uploads\/2021\/01\/logo_enfoqueenventas.png","width":350,"height":107,"caption":"Enfoque En Ventas"},"image":{"@id":"https:\/\/enfoqueenventas.com\/home\/#\/schema\/logo\/image\/"},"sameAs":["https:\/\/www.facebook.com\/Enfoqueenventas","https:\/\/x.com\/enfoqueenventas","https:\/\/www.youtube.com\/channel\/UCKx2JodYn7wY785--EA3sdA"]}]}},"_links":{"self":[{"href":"https:\/\/enfoqueenventas.com\/home\/wp-json\/wp\/v2\/pages\/213","targetHints":{"allow":["GET"]}}],"collection":[{"href":"https:\/\/enfoqueenventas.com\/home\/wp-json\/wp\/v2\/pages"}],"about":[{"href":"https:\/\/enfoqueenventas.com\/home\/wp-json\/wp\/v2\/types\/page"}],"author":[{"embeddable":true,"href":"https:\/\/enfoqueenventas.com\/home\/wp-json\/wp\/v2\/users\/1"}],"replies":[{"embeddable":true,"href":"https:\/\/enfoqueenventas.com\/home\/wp-json\/wp\/v2\/comments?post=213"}],"version-history":[{"count":50,"href":"https:\/\/enfoqueenventas.com\/home\/wp-json\/wp\/v2\/pages\/213\/revisions"}],"predecessor-version":[{"id":4367,"href":"https:\/\/enfoqueenventas.com\/home\/wp-json\/wp\/v2\/pages\/213\/revisions\/4367"}],"wp:featuredmedia":[{"embeddable":true,"href":"https:\/\/enfoqueenventas.com\/home\/wp-json\/wp\/v2\/media\/619"}],"wp:attachment":[{"href":"https:\/\/enfoqueenventas.com\/home\/wp-json\/wp\/v2\/media?parent=213"}],"curies":[{"name":"wp","href":"https:\/\/api.w.org\/{rel}","templated":true}]}}