{"id":704,"date":"2021-04-22T13:06:35","date_gmt":"2021-04-22T18:06:35","guid":{"rendered":"https:\/\/enfoqueenventas.com\/?page_id=704"},"modified":"2022-02-23T16:40:47","modified_gmt":"2022-02-23T22:40:47","slug":"contactanos","status":"publish","type":"page","link":"https:\/\/enfoqueenventas.com\/home\/contactanos\/","title":{"rendered":"Cont\u00e1ctanos"},"content":{"rendered":"<div id=\"pl-704\"  class=\"panel-layout\" ><div id=\"pg-704-0\"  class=\"panel-grid panel-has-style\" ><div class=\"lsow-dark-bg siteorigin-panels-stretch panel-row-style panel-row-style-for-704-0\" data-stretch-type=\"full\" ><div id=\"pgc-704-0-0\"  class=\"panel-grid-cell\" ><div id=\"panel-704-0-0-0\" class=\"so-panel widget widget_sow-hero panel-first-child panel-last-child\" data-index=\"0\" ><div\n\t\t\t\n\t\t\tclass=\"so-widget-sow-hero so-widget-sow-hero-default-6e283e92799f-704 so-widget-fittext-wrapper\"\n\t\t\t data-fit-text-compressor=\"0.85\"\n\t\t>\t\t\t\t<div class=\"sow-slider-base\" style=\"display: none\" tabindex=\"0\">\n\t\t\t\t\t<ul\n\t\t\t\t\tclass=\"sow-slider-images\"\n\t\t\t\t\tdata-settings=\"{&quot;pagination&quot;:true,&quot;speed&quot;:800,&quot;timeout&quot;:8000,&quot;paused&quot;:false,&quot;pause_on_hover&quot;:false,&quot;swipe&quot;:true,&quot;nav_always_show_desktop&quot;:&quot;&quot;,&quot;nav_always_show_mobile&quot;:&quot;&quot;,&quot;breakpoint&quot;:&quot;780px&quot;,&quot;unmute&quot;:false,&quot;anchor&quot;:null}\"\n\t\t\t\t\t\t\t\t\t\tdata-anchor-id=\"\"\n\t\t\t\t>\t\t<li class=\"sow-slider-image  sow-slider-image-cover\" style=\"visibility: visible;;background-image: url(https:\/\/enfoqueenventas.com\/home\/wp-content\/uploads\/2021\/04\/Body-separador2.jpg)\" >\n\t\t\t\t\t<div class=\"sow-slider-image-container\">\n\t\t\t<div class=\"sow-slider-image-wrapper\">\n\t\t\t\t<h1 style=\"text-align: center\">CONT\u00c1CTANOS<\/h1>\n\t\t\t<\/div>\n\t\t<\/div>\n\t\t\t\t<\/li>\n\t\t<\/ul>\t\t\t\t<ol class=\"sow-slider-pagination\">\n\t\t\t\t\t\t\t\t\t\t\t<li><a href=\"#\" data-goto=\"0\" aria-label=\"Display slide 1\"><\/a><\/li>\n\t\t\t\t\t\t\t\t\t<\/ol>\n\n\t\t\t\t<div class=\"sow-slide-nav sow-slide-nav-next\">\n\t\t\t\t\t<a href=\"#\" data-goto=\"next\" aria-label=\"Next slide\" data-action=\"next\">\n\t\t\t\t\t\t<em class=\"sow-sld-icon-thin-right\"><\/em>\n\t\t\t\t\t<\/a>\n\t\t\t\t<\/div>\n\n\t\t\t\t<div class=\"sow-slide-nav sow-slide-nav-prev\">\n\t\t\t\t\t<a href=\"#\" data-goto=\"previous\" aria-label=\"Previous slide\" data-action=\"prev\">\n\t\t\t\t\t\t<em class=\"sow-sld-icon-thin-left\"><\/em>\n\t\t\t\t\t<\/a>\n\t\t\t\t<\/div>\n\t\t\t\t<\/div><\/div><\/div><\/div><\/div><\/div><div id=\"pg-704-1\"  class=\"panel-grid panel-no-style\" ><div id=\"pgc-704-1-0\"  class=\"panel-grid-cell\" ><div id=\"panel-704-1-0-0\" class=\"so-panel widget widget_lrw-empty-space panel-first-child panel-last-child\" data-index=\"1\" ><div\n\t\t\t\n\t\t\tclass=\"so-widget-lrw-empty-space so-widget-lrw-empty-space-default-d75171398898-704\"\n\t\t\t\n\t\t><div class=\"lrw-empty-space\" style=\"height: 50px; min-height: 50px;\"><\/div><\/div><\/div><\/div><\/div><div id=\"pg-704-2\"  class=\"panel-grid panel-no-style\" ><div id=\"pgc-704-2-0\"  class=\"panel-grid-cell\" ><div id=\"panel-704-2-0-0\" class=\"so-panel widget widget_siteorigin-panels-builder panel-first-child panel-last-child\" data-index=\"2\" ><div id=\"pl-w6081be3ad94ea\"  class=\"panel-layout\" ><div id=\"pg-w6081be3ad94ea-0\"  class=\"panel-grid panel-no-style\" ><div id=\"pgc-w6081be3ad94ea-0-0\"  class=\"panel-grid-cell\" ><div id=\"panel-w6081be3ad94ea-0-0-0\" class=\"so-panel widget widget_lrw-icon panel-first-child panel-last-child\" data-index=\"0\" ><div\n\t\t\t\n\t\t\tclass=\"so-widget-lrw-icon so-widget-lrw-icon-style-6b4a5724edc0\"\n\t\t\t\n\t\t><div class=\"lrw-icon\">\n\t<div class=\"lrw-icon-element element-shape_icon\"><div class=\"icon-inner icon-shape-none icon-size-4x icon-element-background\"><span class=\"sow-icon-icomoon\" data-sow-icon=\"&#xe94e;\"\n\t\t \n\t\taria-hidden=\"true\"><\/span><\/div><\/div>\n<\/div><\/div><\/div><\/div><div id=\"pgc-w6081be3ad94ea-0-1\"  class=\"panel-grid-cell\" ><div id=\"panel-w6081be3ad94ea-0-1-0\" class=\"so-panel widget widget_sow-editor panel-first-child panel-last-child\" data-index=\"1\" ><div\n\t\t\t\n\t\t\tclass=\"so-widget-sow-editor so-widget-sow-editor-base\"\n\t\t\t\n\t\t>\n<div class=\"siteorigin-widget-tinymce textwidget\">\n\t<h2>Horario de oficina<\/h2>\n<p>Lunes a Viernes : 9am a 6pm, - S\u00e1bados : 10am a 2pm<\/p>\n<\/div>\n<\/div><\/div><\/div><\/div><div id=\"pg-w6081be3ad94ea-1\"  class=\"panel-grid panel-no-style\" ><div id=\"pgc-w6081be3ad94ea-1-0\"  class=\"panel-grid-cell\" ><div id=\"panel-w6081be3ad94ea-1-0-0\" class=\"so-panel widget widget_lrw-icon panel-first-child panel-last-child\" data-index=\"2\" ><div\n\t\t\t\n\t\t\tclass=\"so-widget-lrw-icon so-widget-lrw-icon-style-6b4a5724edc0\"\n\t\t\t\n\t\t><div class=\"lrw-icon\">\n\t<div class=\"lrw-icon-element element-shape_icon\"><div class=\"icon-inner icon-shape-none icon-size-4x icon-element-background\"><span class=\"sow-icon-icomoon\" data-sow-icon=\"&#xe948;\"\n\t\t \n\t\taria-hidden=\"true\"><\/span><\/div><\/div>\n<\/div><\/div><\/div><\/div><div id=\"pgc-w6081be3ad94ea-1-1\"  class=\"panel-grid-cell\" ><div id=\"panel-w6081be3ad94ea-1-1-0\" class=\"so-panel widget widget_sow-editor panel-first-child panel-last-child\" data-index=\"3\" ><div\n\t\t\t\n\t\t\tclass=\"so-widget-sow-editor so-widget-sow-editor-base\"\n\t\t\t\n\t\t>\n<div class=\"siteorigin-widget-tinymce textwidget\">\n\t<h2>Direcci\u00f3n de oficinas<\/h2>\n<p>Direcci\u00f3n: Av. Gonz\u00e1lez Pages #1027, Veracruz, Veracruz, M\u00e9xico<\/p>\n<\/div>\n<\/div><\/div><\/div><\/div><div id=\"pg-w6081be3ad94ea-2\"  class=\"panel-grid panel-no-style\" ><div id=\"pgc-w6081be3ad94ea-2-0\"  class=\"panel-grid-cell\" ><div id=\"panel-w6081be3ad94ea-2-0-0\" class=\"so-panel widget widget_lrw-icon panel-first-child panel-last-child\" data-index=\"4\" ><div\n\t\t\t\n\t\t\tclass=\"so-widget-lrw-icon so-widget-lrw-icon-style-6b4a5724edc0\"\n\t\t\t\n\t\t><div class=\"lrw-icon\">\n\t<div class=\"lrw-icon-element element-shape_icon\"><div class=\"icon-inner icon-shape-none icon-size-4x icon-element-background\"><span class=\"sow-icon-icomoon\" data-sow-icon=\"&#xe945;\"\n\t\t \n\t\taria-hidden=\"true\"><\/span><\/div><\/div>\n<\/div><\/div><\/div><\/div><div id=\"pgc-w6081be3ad94ea-2-1\"  class=\"panel-grid-cell\" ><div id=\"panel-w6081be3ad94ea-2-1-0\" class=\"so-panel widget widget_sow-editor panel-first-child panel-last-child\" data-index=\"5\" ><div\n\t\t\t\n\t\t\tclass=\"so-widget-sow-editor so-widget-sow-editor-base\"\n\t\t\t\n\t\t>\n<div class=\"siteorigin-widget-tinymce textwidget\">\n\t<h2>E-mail<\/h2>\n<p>contacto[@]enfoqueenventas.com<\/p>\n<\/div>\n<\/div><\/div><\/div><\/div><div id=\"pg-w6081be3ad94ea-3\"  class=\"panel-grid panel-no-style\" ><div id=\"pgc-w6081be3ad94ea-3-0\"  class=\"panel-grid-cell\" ><div id=\"panel-w6081be3ad94ea-3-0-0\" class=\"so-panel widget widget_lrw-icon panel-first-child panel-last-child\" data-index=\"6\" ><div\n\t\t\t\n\t\t\tclass=\"so-widget-lrw-icon so-widget-lrw-icon-style-6b4a5724edc0\"\n\t\t\t\n\t\t><div class=\"lrw-icon\">\n\t<div class=\"lrw-icon-element element-shape_icon\"><div class=\"icon-inner icon-shape-none icon-size-4x icon-element-background\"><span class=\"sow-icon-icomoon\" data-sow-icon=\"&#xe942;\"\n\t\t \n\t\taria-hidden=\"true\"><\/span><\/div><\/div>\n<\/div><\/div><\/div><\/div><div id=\"pgc-w6081be3ad94ea-3-1\"  class=\"panel-grid-cell\" ><div id=\"panel-w6081be3ad94ea-3-1-0\" class=\"so-panel widget widget_sow-editor panel-first-child panel-last-child\" data-index=\"7\" ><div\n\t\t\t\n\t\t\tclass=\"so-widget-sow-editor so-widget-sow-editor-base\"\n\t\t\t\n\t\t>\n<div class=\"siteorigin-widget-tinymce textwidget\">\n\t<h2>WhatsApp Business<\/h2>\n<p>+52 (229) 118-0809<\/p>\n<\/div>\n<\/div><\/div><\/div><\/div><\/div><\/div><\/div><div id=\"pgc-704-2-1\"  class=\"panel-grid-cell\" ><div id=\"panel-704-2-1-0\" class=\"so-panel widget widget_sow-editor panel-first-child panel-last-child\" data-index=\"3\" ><div\n\t\t\t\n\t\t\tclass=\"so-widget-sow-editor so-widget-sow-editor-base\"\n\t\t\t\n\t\t>\n<div class=\"siteorigin-widget-tinymce textwidget\">\n\t<p><iframe scrolling=\"auto\" src=\"https:\/\/sales.portal24x7.com\/document.php?module=form&option=optin&action=show&parm1=336&parm2=2\" frameborder=\"0\" height=\"550\" width=\"100%\"><\/iframe><\/p>\n<\/div>\n<\/div><\/div><\/div><\/div><div id=\"pg-704-3\"  class=\"panel-grid panel-no-style\" ><div id=\"pgc-704-3-0\"  class=\"panel-grid-cell\" ><div id=\"panel-704-3-0-0\" class=\"widget_text so-panel widget widget_custom_html panel-first-child panel-last-child\" data-index=\"4\" ><div class=\"textwidget custom-html-widget\"><iframe src=\"https:\/\/www.google.com\/maps\/embed?pb=!1m14!1m8!1m3!1d30145.827748667685!2d-96.136177!3d19.185221!3m2!1i1024!2i768!4f13.1!3m3!1m2!1s0x85c346b40d5ac33f%3A0xea1e89f679f739bd!2sAv.%20Gonz%C3%A1lez%20Pages%201027%2C%20Salvador%20D%C3%ADaz%20Mir%C3%B3n%2C%2091700%20Veracruz%2C%20Ver.%2C%20M%C3%A9xico!5e0!3m2!1ses-419!2sus!4v1619114670086!5m2!1ses-419!2sus\" width=\"100%\" height=\"400\" style=\"border:0;\" allowfullscreen=\"\" loading=\"lazy\"><\/iframe><\/div><\/div><\/div><\/div><\/div>","protected":false},"excerpt":{"rendered":"<p>CONT\u00c1CTANOS Horario de oficina Lunes a Viernes : 9am a 6pm, &#8211; S\u00e1bados : 10am a 2pm Direcci\u00f3n de oficinas Direcci\u00f3n: Av. Gonz\u00e1lez Pages #1027, Veracruz, Veracruz, M\u00e9xico E-mail contacto[@]enfoqueenventas.com WhatsApp Business +52 (229) 118-0809<\/p>\n","protected":false},"author":1,"featured_media":0,"parent":0,"menu_order":0,"comment_status":"closed","ping_status":"closed","template":"","meta":{"_themeisle_gutenberg_block_has_review":false,"footnotes":""},"class_list":["post-704","page","type-page","status-publish","hentry"],"yoast_head":"<!-- This site is optimized with the Yoast SEO plugin v26.7 - https:\/\/yoast.com\/wordpress\/plugins\/seo\/ -->\n<title>Cont\u00e1ctanos - Enfoque en Ventas<\/title>\n<meta name=\"robots\" content=\"index, follow, max-snippet:-1, max-image-preview:large, max-video-preview:-1\" \/>\n<link rel=\"canonical\" href=\"https:\/\/enfoqueenventas.com\/home\/contactanos\/\" \/>\n<meta property=\"og:locale\" content=\"es_MX\" \/>\n<meta property=\"og:type\" content=\"article\" \/>\n<meta property=\"og:title\" content=\"Cont\u00e1ctanos - Enfoque en Ventas\" \/>\n<meta property=\"og:description\" content=\"CONT\u00c1CTANOS Horario de oficina Lunes a Viernes : 9am a 6pm, - S\u00e1bados : 10am a 2pm Direcci\u00f3n de oficinas Direcci\u00f3n: Av. Gonz\u00e1lez Pages #1027, Veracruz, Veracruz, M\u00e9xico E-mail contacto[@]enfoqueenventas.com WhatsApp Business +52 (229) 118-0809\" \/>\n<meta property=\"og:url\" content=\"https:\/\/enfoqueenventas.com\/home\/contactanos\/\" \/>\n<meta property=\"og:site_name\" content=\"Enfoque en Ventas\" \/>\n<meta property=\"article:publisher\" content=\"https:\/\/www.facebook.com\/Enfoqueenventas\" \/>\n<meta property=\"article:modified_time\" content=\"2022-02-23T22:40:47+00:00\" \/>\n<meta name=\"twitter:card\" content=\"summary_large_image\" \/>\n<meta name=\"twitter:site\" content=\"@enfoqueenventas\" \/>\n<script type=\"application\/ld+json\" class=\"yoast-schema-graph\">{\"@context\":\"https:\/\/schema.org\",\"@graph\":[{\"@type\":\"WebPage\",\"@id\":\"https:\/\/enfoqueenventas.com\/home\/contactanos\/\",\"url\":\"https:\/\/enfoqueenventas.com\/home\/contactanos\/\",\"name\":\"Cont\u00e1ctanos - Enfoque en Ventas\",\"isPartOf\":{\"@id\":\"https:\/\/enfoqueenventas.com\/home\/#website\"},\"datePublished\":\"2021-04-22T18:06:35+00:00\",\"dateModified\":\"2022-02-23T22:40:47+00:00\",\"breadcrumb\":{\"@id\":\"https:\/\/enfoqueenventas.com\/home\/contactanos\/#breadcrumb\"},\"inLanguage\":\"es\",\"potentialAction\":[{\"@type\":\"ReadAction\",\"target\":[\"https:\/\/enfoqueenventas.com\/home\/contactanos\/\"]}]},{\"@type\":\"BreadcrumbList\",\"@id\":\"https:\/\/enfoqueenventas.com\/home\/contactanos\/#breadcrumb\",\"itemListElement\":[{\"@type\":\"ListItem\",\"position\":1,\"name\":\"Inicio\",\"item\":\"https:\/\/enfoqueenventas.com\/home\/\"},{\"@type\":\"ListItem\",\"position\":2,\"name\":\"Cont\u00e1ctanos\"}]},{\"@type\":\"WebSite\",\"@id\":\"https:\/\/enfoqueenventas.com\/home\/#website\",\"url\":\"https:\/\/enfoqueenventas.com\/home\/\",\"name\":\"Enfoque en Ventas\",\"description\":\"Todo sobre vendedores\",\"publisher\":{\"@id\":\"https:\/\/enfoqueenventas.com\/home\/#organization\"},\"potentialAction\":[{\"@type\":\"SearchAction\",\"target\":{\"@type\":\"EntryPoint\",\"urlTemplate\":\"https:\/\/enfoqueenventas.com\/home\/?s={search_term_string}\"},\"query-input\":{\"@type\":\"PropertyValueSpecification\",\"valueRequired\":true,\"valueName\":\"search_term_string\"}}],\"inLanguage\":\"es\"},{\"@type\":\"Organization\",\"@id\":\"https:\/\/enfoqueenventas.com\/home\/#organization\",\"name\":\"Enfoque En Ventas\",\"url\":\"https:\/\/enfoqueenventas.com\/home\/\",\"logo\":{\"@type\":\"ImageObject\",\"inLanguage\":\"es\",\"@id\":\"https:\/\/enfoqueenventas.com\/home\/#\/schema\/logo\/image\/\",\"url\":\"https:\/\/enfoqueenventas.com\/home\/wp-content\/uploads\/2021\/01\/logo_enfoqueenventas.png\",\"contentUrl\":\"https:\/\/enfoqueenventas.com\/home\/wp-content\/uploads\/2021\/01\/logo_enfoqueenventas.png\",\"width\":350,\"height\":107,\"caption\":\"Enfoque En Ventas\"},\"image\":{\"@id\":\"https:\/\/enfoqueenventas.com\/home\/#\/schema\/logo\/image\/\"},\"sameAs\":[\"https:\/\/www.facebook.com\/Enfoqueenventas\",\"https:\/\/x.com\/enfoqueenventas\",\"https:\/\/www.youtube.com\/channel\/UCKx2JodYn7wY785--EA3sdA\"]}]}<\/script>\n<!-- \/ Yoast SEO plugin. -->","yoast_head_json":{"title":"Cont\u00e1ctanos - Enfoque en Ventas","robots":{"index":"index","follow":"follow","max-snippet":"max-snippet:-1","max-image-preview":"max-image-preview:large","max-video-preview":"max-video-preview:-1"},"canonical":"https:\/\/enfoqueenventas.com\/home\/contactanos\/","og_locale":"es_MX","og_type":"article","og_title":"Cont\u00e1ctanos - Enfoque en Ventas","og_description":"CONT\u00c1CTANOS Horario de oficina Lunes a Viernes : 9am a 6pm, - S\u00e1bados : 10am a 2pm Direcci\u00f3n de oficinas Direcci\u00f3n: Av. Gonz\u00e1lez Pages #1027, Veracruz, Veracruz, M\u00e9xico E-mail contacto[@]enfoqueenventas.com WhatsApp Business +52 (229) 118-0809","og_url":"https:\/\/enfoqueenventas.com\/home\/contactanos\/","og_site_name":"Enfoque en Ventas","article_publisher":"https:\/\/www.facebook.com\/Enfoqueenventas","article_modified_time":"2022-02-23T22:40:47+00:00","twitter_card":"summary_large_image","twitter_site":"@enfoqueenventas","schema":{"@context":"https:\/\/schema.org","@graph":[{"@type":"WebPage","@id":"https:\/\/enfoqueenventas.com\/home\/contactanos\/","url":"https:\/\/enfoqueenventas.com\/home\/contactanos\/","name":"Cont\u00e1ctanos - Enfoque en Ventas","isPartOf":{"@id":"https:\/\/enfoqueenventas.com\/home\/#website"},"datePublished":"2021-04-22T18:06:35+00:00","dateModified":"2022-02-23T22:40:47+00:00","breadcrumb":{"@id":"https:\/\/enfoqueenventas.com\/home\/contactanos\/#breadcrumb"},"inLanguage":"es","potentialAction":[{"@type":"ReadAction","target":["https:\/\/enfoqueenventas.com\/home\/contactanos\/"]}]},{"@type":"BreadcrumbList","@id":"https:\/\/enfoqueenventas.com\/home\/contactanos\/#breadcrumb","itemListElement":[{"@type":"ListItem","position":1,"name":"Inicio","item":"https:\/\/enfoqueenventas.com\/home\/"},{"@type":"ListItem","position":2,"name":"Cont\u00e1ctanos"}]},{"@type":"WebSite","@id":"https:\/\/enfoqueenventas.com\/home\/#website","url":"https:\/\/enfoqueenventas.com\/home\/","name":"Enfoque en Ventas","description":"Todo sobre vendedores","publisher":{"@id":"https:\/\/enfoqueenventas.com\/home\/#organization"},"potentialAction":[{"@type":"SearchAction","target":{"@type":"EntryPoint","urlTemplate":"https:\/\/enfoqueenventas.com\/home\/?s={search_term_string}"},"query-input":{"@type":"PropertyValueSpecification","valueRequired":true,"valueName":"search_term_string"}}],"inLanguage":"es"},{"@type":"Organization","@id":"https:\/\/enfoqueenventas.com\/home\/#organization","name":"Enfoque En Ventas","url":"https:\/\/enfoqueenventas.com\/home\/","logo":{"@type":"ImageObject","inLanguage":"es","@id":"https:\/\/enfoqueenventas.com\/home\/#\/schema\/logo\/image\/","url":"https:\/\/enfoqueenventas.com\/home\/wp-content\/uploads\/2021\/01\/logo_enfoqueenventas.png","contentUrl":"https:\/\/enfoqueenventas.com\/home\/wp-content\/uploads\/2021\/01\/logo_enfoqueenventas.png","width":350,"height":107,"caption":"Enfoque En Ventas"},"image":{"@id":"https:\/\/enfoqueenventas.com\/home\/#\/schema\/logo\/image\/"},"sameAs":["https:\/\/www.facebook.com\/Enfoqueenventas","https:\/\/x.com\/enfoqueenventas","https:\/\/www.youtube.com\/channel\/UCKx2JodYn7wY785--EA3sdA"]}]}},"_links":{"self":[{"href":"https:\/\/enfoqueenventas.com\/home\/wp-json\/wp\/v2\/pages\/704","targetHints":{"allow":["GET"]}}],"collection":[{"href":"https:\/\/enfoqueenventas.com\/home\/wp-json\/wp\/v2\/pages"}],"about":[{"href":"https:\/\/enfoqueenventas.com\/home\/wp-json\/wp\/v2\/types\/page"}],"author":[{"embeddable":true,"href":"https:\/\/enfoqueenventas.com\/home\/wp-json\/wp\/v2\/users\/1"}],"replies":[{"embeddable":true,"href":"https:\/\/enfoqueenventas.com\/home\/wp-json\/wp\/v2\/comments?post=704"}],"version-history":[{"count":14,"href":"https:\/\/enfoqueenventas.com\/home\/wp-json\/wp\/v2\/pages\/704\/revisions"}],"predecessor-version":[{"id":1014,"href":"https:\/\/enfoqueenventas.com\/home\/wp-json\/wp\/v2\/pages\/704\/revisions\/1014"}],"wp:attachment":[{"href":"https:\/\/enfoqueenventas.com\/home\/wp-json\/wp\/v2\/media?parent=704"}],"curies":[{"name":"wp","href":"https:\/\/api.w.org\/{rel}","templated":true}]}}