{"id":715,"date":"2021-04-22T13:28:58","date_gmt":"2021-04-22T18:28:58","guid":{"rendered":"https:\/\/enfoqueenventas.com\/?page_id=715"},"modified":"2021-04-22T18:27:09","modified_gmt":"2021-04-22T23:27:09","slug":"articulos","status":"publish","type":"page","link":"https:\/\/enfoqueenventas.com\/home\/articulos\/","title":{"rendered":"Art\u00edculos"},"content":{"rendered":"<div id=\"pl-715\"  class=\"panel-layout\" ><div id=\"pg-715-0\"  class=\"panel-grid panel-no-style\" ><div id=\"pgc-715-0-0\"  class=\"panel-grid-cell\" ><div id=\"panel-715-0-0-0\" class=\"so-panel widget widget_blog-style-one panel-first-child panel-last-child\" data-index=\"0\" ><div\n\t\t\t\n\t\t\tclass=\"so-widget-blog-style-one so-widget-blog-style-one-blog-style-one-style-f116ebbf0ccb-715\"\n\t\t\t\n\t\t>\r\n\r\n<div class=\"blog_list_main\">\r\n\r\n\r\n    <div class=\"blog_one_style clearfix twelve columns\">\r\n\r\n         <div class=\"four columns image alpha\">\r\n\r\n         \r\n                         <a href=\"https:\/\/enfoqueenventas.com\/home\/como-dirigir-vendedores\/\"> <img fetchpriority=\"high\" decoding=\"async\" width=\"340\" height=\"240\" src=\"https:\/\/enfoqueenventas.com\/home\/wp-content\/uploads\/2021\/02\/blog10-340x240.jpg\" class=\"attachment-post-thumbnail size-post-thumbnail wp-post-image\" alt=\"\" \/> <\/a>\r\n             \r\n         \r\n         <\/div>\r\n\r\n        <div class=\"eight columns content\">\r\n\r\n                <h4><a href=\"https:\/\/enfoqueenventas.com\/home\/como-dirigir-vendedores\/\">C\u00f3mo dirigir vendedores<\/a><\/h4>\r\n            \r\n\r\n        Imag\u00ednate a Carlos, lo acaban de ascender a Gerente de ventas, est\u00e1 muy emocionado porque siempre ha sido su sue\u00f1o, recibe el cargo y a la vuelta de seis meses\u2026 \u00a1lo corren!, No dio resultados, las ventas siguen bajas, los vendedores no respondieron y sigue faltando la persona que sea capaz de llevar a una&hellip;<a href=\"https:\/\/enfoqueenventas.com\/home\/como-dirigir-vendedores\/\">...<\/a>\r\n        <\/div>\r\n\r\n        <div class=\"clearfix\"><\/div>\r\n\r\n        <div class=\"meta twelve columns clearfix\">\r\n            <div class=\"left-style\">\r\n            By Enrique Mezquita | mayo 24, 2023 | <a href=\"https:\/\/enfoqueenventas.com\/home\/category\/corporate\/\" rel=\"category tag\">Corporate<\/a>            <\/div>\r\n            <div class=\"right-style\">\r\n            <a href=\"https:\/\/enfoqueenventas.com\/home\/como-dirigir-vendedores\/\">Leer m\u00e1s... <\/a>\r\n            <\/div>\r\n        <\/div>\r\n    <\/div>\r\n\r\n\r\n\r\n<\/div>\r\n<\/div><\/div><\/div><\/div><\/div>","protected":false},"excerpt":{"rendered":"<p>Imag\u00ednate a Carlos, lo acaban de ascender a Gerente de ventas, est\u00e1 muy emocionado porque siempre ha sido su sue\u00f1o, recibe el cargo y a la vuelta de seis meses\u2026 \u00a1lo corren!, No dio resultados, las ventas siguen bajas, los vendedores no respondieron y sigue faltando la persona que sea capaz de llevar a una&hellip;<\/p>\n","protected":false},"author":1,"featured_media":0,"parent":0,"menu_order":0,"comment_status":"closed","ping_status":"closed","template":"","meta":{"_themeisle_gutenberg_block_has_review":false,"footnotes":""},"class_list":["post-715","page","type-page","status-publish","hentry"],"yoast_head":"<!-- This site is optimized with the Yoast SEO plugin v26.7 - https:\/\/yoast.com\/wordpress\/plugins\/seo\/ -->\n<title>Art\u00edculos - Enfoque en Ventas<\/title>\n<meta name=\"robots\" content=\"index, follow, max-snippet:-1, max-image-preview:large, max-video-preview:-1\" \/>\n<link rel=\"canonical\" href=\"https:\/\/enfoqueenventas.com\/home\/articulos\/\" \/>\n<meta property=\"og:locale\" content=\"es_MX\" \/>\n<meta property=\"og:type\" content=\"article\" \/>\n<meta property=\"og:title\" content=\"Art\u00edculos - Enfoque en Ventas\" \/>\n<meta property=\"og:description\" content=\"Imag\u00ednate a Carlos, lo acaban de ascender a Gerente de ventas, est\u00e1 muy emocionado porque siempre ha sido su sue\u00f1o, recibe el cargo y a la vuelta de seis meses\u2026 \u00a1lo corren!, No dio resultados, las ventas siguen bajas, los vendedores no respondieron y sigue faltando la persona que sea capaz de llevar a una&hellip;\" \/>\n<meta property=\"og:url\" content=\"https:\/\/enfoqueenventas.com\/home\/articulos\/\" \/>\n<meta property=\"og:site_name\" content=\"Enfoque en Ventas\" \/>\n<meta property=\"article:publisher\" content=\"https:\/\/www.facebook.com\/Enfoqueenventas\" \/>\n<meta property=\"article:modified_time\" content=\"2021-04-22T23:27:09+00:00\" \/>\n<meta name=\"twitter:card\" content=\"summary_large_image\" \/>\n<meta name=\"twitter:site\" content=\"@enfoqueenventas\" \/>\n<meta name=\"twitter:label1\" content=\"Tiempo de lectura\" \/>\n\t<meta name=\"twitter:data1\" content=\"1 minuto\" \/>\n<script type=\"application\/ld+json\" class=\"yoast-schema-graph\">{\"@context\":\"https:\/\/schema.org\",\"@graph\":[{\"@type\":\"WebPage\",\"@id\":\"https:\/\/enfoqueenventas.com\/home\/articulos\/\",\"url\":\"https:\/\/enfoqueenventas.com\/home\/articulos\/\",\"name\":\"Art\u00edculos - Enfoque en Ventas\",\"isPartOf\":{\"@id\":\"https:\/\/enfoqueenventas.com\/home\/#website\"},\"datePublished\":\"2021-04-22T18:28:58+00:00\",\"dateModified\":\"2021-04-22T23:27:09+00:00\",\"breadcrumb\":{\"@id\":\"https:\/\/enfoqueenventas.com\/home\/articulos\/#breadcrumb\"},\"inLanguage\":\"es\",\"potentialAction\":[{\"@type\":\"ReadAction\",\"target\":[\"https:\/\/enfoqueenventas.com\/home\/articulos\/\"]}]},{\"@type\":\"BreadcrumbList\",\"@id\":\"https:\/\/enfoqueenventas.com\/home\/articulos\/#breadcrumb\",\"itemListElement\":[{\"@type\":\"ListItem\",\"position\":1,\"name\":\"Inicio\",\"item\":\"https:\/\/enfoqueenventas.com\/home\/\"},{\"@type\":\"ListItem\",\"position\":2,\"name\":\"Art\u00edculos\"}]},{\"@type\":\"WebSite\",\"@id\":\"https:\/\/enfoqueenventas.com\/home\/#website\",\"url\":\"https:\/\/enfoqueenventas.com\/home\/\",\"name\":\"Enfoque en Ventas\",\"description\":\"Todo sobre vendedores\",\"publisher\":{\"@id\":\"https:\/\/enfoqueenventas.com\/home\/#organization\"},\"potentialAction\":[{\"@type\":\"SearchAction\",\"target\":{\"@type\":\"EntryPoint\",\"urlTemplate\":\"https:\/\/enfoqueenventas.com\/home\/?s={search_term_string}\"},\"query-input\":{\"@type\":\"PropertyValueSpecification\",\"valueRequired\":true,\"valueName\":\"search_term_string\"}}],\"inLanguage\":\"es\"},{\"@type\":\"Organization\",\"@id\":\"https:\/\/enfoqueenventas.com\/home\/#organization\",\"name\":\"Enfoque En Ventas\",\"url\":\"https:\/\/enfoqueenventas.com\/home\/\",\"logo\":{\"@type\":\"ImageObject\",\"inLanguage\":\"es\",\"@id\":\"https:\/\/enfoqueenventas.com\/home\/#\/schema\/logo\/image\/\",\"url\":\"https:\/\/enfoqueenventas.com\/home\/wp-content\/uploads\/2021\/01\/logo_enfoqueenventas.png\",\"contentUrl\":\"https:\/\/enfoqueenventas.com\/home\/wp-content\/uploads\/2021\/01\/logo_enfoqueenventas.png\",\"width\":350,\"height\":107,\"caption\":\"Enfoque En Ventas\"},\"image\":{\"@id\":\"https:\/\/enfoqueenventas.com\/home\/#\/schema\/logo\/image\/\"},\"sameAs\":[\"https:\/\/www.facebook.com\/Enfoqueenventas\",\"https:\/\/x.com\/enfoqueenventas\",\"https:\/\/www.youtube.com\/channel\/UCKx2JodYn7wY785--EA3sdA\"]}]}<\/script>\n<!-- \/ Yoast SEO plugin. -->","yoast_head_json":{"title":"Art\u00edculos - Enfoque en Ventas","robots":{"index":"index","follow":"follow","max-snippet":"max-snippet:-1","max-image-preview":"max-image-preview:large","max-video-preview":"max-video-preview:-1"},"canonical":"https:\/\/enfoqueenventas.com\/home\/articulos\/","og_locale":"es_MX","og_type":"article","og_title":"Art\u00edculos - Enfoque en Ventas","og_description":"Imag\u00ednate a Carlos, lo acaban de ascender a Gerente de ventas, est\u00e1 muy emocionado porque siempre ha sido su sue\u00f1o, recibe el cargo y a la vuelta de seis meses\u2026 \u00a1lo corren!, No dio resultados, las ventas siguen bajas, los vendedores no respondieron y sigue faltando la persona que sea capaz de llevar a una&hellip;","og_url":"https:\/\/enfoqueenventas.com\/home\/articulos\/","og_site_name":"Enfoque en Ventas","article_publisher":"https:\/\/www.facebook.com\/Enfoqueenventas","article_modified_time":"2021-04-22T23:27:09+00:00","twitter_card":"summary_large_image","twitter_site":"@enfoqueenventas","twitter_misc":{"Tiempo de lectura":"1 minuto"},"schema":{"@context":"https:\/\/schema.org","@graph":[{"@type":"WebPage","@id":"https:\/\/enfoqueenventas.com\/home\/articulos\/","url":"https:\/\/enfoqueenventas.com\/home\/articulos\/","name":"Art\u00edculos - Enfoque en Ventas","isPartOf":{"@id":"https:\/\/enfoqueenventas.com\/home\/#website"},"datePublished":"2021-04-22T18:28:58+00:00","dateModified":"2021-04-22T23:27:09+00:00","breadcrumb":{"@id":"https:\/\/enfoqueenventas.com\/home\/articulos\/#breadcrumb"},"inLanguage":"es","potentialAction":[{"@type":"ReadAction","target":["https:\/\/enfoqueenventas.com\/home\/articulos\/"]}]},{"@type":"BreadcrumbList","@id":"https:\/\/enfoqueenventas.com\/home\/articulos\/#breadcrumb","itemListElement":[{"@type":"ListItem","position":1,"name":"Inicio","item":"https:\/\/enfoqueenventas.com\/home\/"},{"@type":"ListItem","position":2,"name":"Art\u00edculos"}]},{"@type":"WebSite","@id":"https:\/\/enfoqueenventas.com\/home\/#website","url":"https:\/\/enfoqueenventas.com\/home\/","name":"Enfoque en Ventas","description":"Todo sobre vendedores","publisher":{"@id":"https:\/\/enfoqueenventas.com\/home\/#organization"},"potentialAction":[{"@type":"SearchAction","target":{"@type":"EntryPoint","urlTemplate":"https:\/\/enfoqueenventas.com\/home\/?s={search_term_string}"},"query-input":{"@type":"PropertyValueSpecification","valueRequired":true,"valueName":"search_term_string"}}],"inLanguage":"es"},{"@type":"Organization","@id":"https:\/\/enfoqueenventas.com\/home\/#organization","name":"Enfoque En Ventas","url":"https:\/\/enfoqueenventas.com\/home\/","logo":{"@type":"ImageObject","inLanguage":"es","@id":"https:\/\/enfoqueenventas.com\/home\/#\/schema\/logo\/image\/","url":"https:\/\/enfoqueenventas.com\/home\/wp-content\/uploads\/2021\/01\/logo_enfoqueenventas.png","contentUrl":"https:\/\/enfoqueenventas.com\/home\/wp-content\/uploads\/2021\/01\/logo_enfoqueenventas.png","width":350,"height":107,"caption":"Enfoque En Ventas"},"image":{"@id":"https:\/\/enfoqueenventas.com\/home\/#\/schema\/logo\/image\/"},"sameAs":["https:\/\/www.facebook.com\/Enfoqueenventas","https:\/\/x.com\/enfoqueenventas","https:\/\/www.youtube.com\/channel\/UCKx2JodYn7wY785--EA3sdA"]}]}},"_links":{"self":[{"href":"https:\/\/enfoqueenventas.com\/home\/wp-json\/wp\/v2\/pages\/715","targetHints":{"allow":["GET"]}}],"collection":[{"href":"https:\/\/enfoqueenventas.com\/home\/wp-json\/wp\/v2\/pages"}],"about":[{"href":"https:\/\/enfoqueenventas.com\/home\/wp-json\/wp\/v2\/types\/page"}],"author":[{"embeddable":true,"href":"https:\/\/enfoqueenventas.com\/home\/wp-json\/wp\/v2\/users\/1"}],"replies":[{"embeddable":true,"href":"https:\/\/enfoqueenventas.com\/home\/wp-json\/wp\/v2\/comments?post=715"}],"version-history":[{"count":7,"href":"https:\/\/enfoqueenventas.com\/home\/wp-json\/wp\/v2\/pages\/715\/revisions"}],"predecessor-version":[{"id":4217,"href":"https:\/\/enfoqueenventas.com\/home\/wp-json\/wp\/v2\/pages\/715\/revisions\/4217"}],"wp:attachment":[{"href":"https:\/\/enfoqueenventas.com\/home\/wp-json\/wp\/v2\/media?parent=715"}],"curies":[{"name":"wp","href":"https:\/\/api.w.org\/{rel}","templated":true}]}}